{"id":8722,"date":"2022-10-03T08:54:06","date_gmt":"2022-10-03T08:54:06","guid":{"rendered":"https:\/\/fincasaba.com\/?page_id=8722"},"modified":"2022-10-10T15:42:42","modified_gmt":"2022-10-10T15:42:42","slug":"seguros-de-coche","status":"publish","type":"page","link":"https:\/\/fincasaba.com\/ca\/seguros-de-coche\/","title":{"rendered":"Seguros de coche"},"content":{"rendered":"<div data-elementor-type=\"wp-page\" data-elementor-id=\"8722\" class=\"elementor elementor-8722\">\n\t\t\t\t\t\t<section class=\"elementor-section elementor-top-section elementor-element elementor-element-2e0a2e1 elementor-section-height-full elementor-section-boxed elementor-section-height-default elementor-section-items-middle\" data-id=\"2e0a2e1\" data-element_type=\"section\" data-e-type=\"section\" data-settings=\"{&quot;background_background&quot;:&quot;classic&quot;}\">\n\t\t\t\t\t\t\t<div class=\"elementor-background-overlay\"><\/div>\n\t\t\t\t\t\t\t<div class=\"elementor-container elementor-column-gap-default\">\n\t\t\t\t\t<div class=\"elementor-column elementor-col-100 elementor-top-column elementor-element elementor-element-5df20c7 stretch-to-none\" data-id=\"5df20c7\" data-element_type=\"column\" data-e-type=\"column\">\n\t\t\t<div class=\"elementor-widget-wrap elementor-element-populated\">\n\t\t\t\t\t\t<div class=\"elementor-element elementor-element-ecc1013 elementor-widget elementor-widget-heading\" data-id=\"ecc1013\" data-element_type=\"widget\" data-e-type=\"widget\" data-widget_type=\"heading.default\">\n\t\t\t\t<div class=\"elementor-widget-container\">\n\t\t\t\t\t<div class=\"elementor-heading-title elementor-size-default\"><a href=\"https:\/\/fincasaba.com\/ca\/inmobiliaria-en-tarragona\/\">Fincas aba<\/a><\/div>\t\t\t\t<\/div>\n\t\t\t\t<\/div>\n\t\t\t\t<section class=\"elementor-section elementor-inner-section elementor-element elementor-element-314f630 elementor-section-boxed elementor-section-height-default elementor-section-height-default\" data-id=\"314f630\" data-element_type=\"section\" data-e-type=\"section\">\n\t\t\t\t\t\t<div class=\"elementor-container elementor-column-gap-default\">\n\t\t\t\t\t<div class=\"elementor-column elementor-col-100 elementor-inner-column elementor-element elementor-element-028831b stretch-to-none\" data-id=\"028831b\" data-element_type=\"column\" data-e-type=\"column\">\n\t\t\t<div class=\"elementor-widget-wrap elementor-element-populated\">\n\t\t\t\t\t\t<div class=\"elementor-element elementor-element-ef59d1b elementor-widget elementor-widget-heading\" data-id=\"ef59d1b\" data-element_type=\"widget\" data-e-type=\"widget\" data-widget_type=\"heading.default\">\n\t\t\t\t<div class=\"elementor-widget-container\">\n\t\t\t\t\t<h1 class=\"elementor-heading-title elementor-size-default\">Assegurances per a locals<\/h1>\t\t\t\t<\/div>\n\t\t\t\t<\/div>\n\t\t\t\t\t<\/div>\n\t\t<\/div>\n\t\t\t\t\t<\/div>\n\t\t<\/section>\n\t\t\t\t\t<\/div>\n\t\t<\/div>\n\t\t\t\t\t<\/div>\n\t\t<\/section>\n\t\t\t\t<section class=\"elementor-section elementor-top-section elementor-element elementor-element-c1fe02e elementor-section-boxed elementor-section-height-default elementor-section-height-default\" data-id=\"c1fe02e\" data-element_type=\"section\" data-e-type=\"section\">\n\t\t\t\t\t\t<div class=\"elementor-container elementor-column-gap-default\">\n\t\t\t\t\t<div class=\"elementor-column elementor-col-100 elementor-top-column elementor-element elementor-element-76153b3 stretch-to-none\" data-id=\"76153b3\" data-element_type=\"column\" data-e-type=\"column\">\n\t\t\t<div class=\"elementor-widget-wrap elementor-element-populated\">\n\t\t\t\t\t\t<div class=\"elementor-element elementor-element-388a0ee elementor-widget elementor-widget-text-editor\" data-id=\"388a0ee\" data-element_type=\"widget\" data-e-type=\"widget\" data-widget_type=\"text-editor.default\">\n\t\t\t\t<div class=\"elementor-widget-container\">\n\t\t\t\t\t\t\t\t\t<p>Un local no est\u00e0 exempt de riscos encara que no hi hagi cap tipus d'activitat comercial. S\u00f3n molts els espais destinats a reunions de treball, associacions de ve\u00efns o, simplement, locals buits, que poden patir igualment accidents o imprevistos.<\/p>\t\t\t\t\t\t\t\t<\/div>\n\t\t\t\t<\/div>\n\t\t\t\t\t<\/div>\n\t\t<\/div>\n\t\t\t\t\t<\/div>\n\t\t<\/section>\n\t\t\t\t<section class=\"elementor-section elementor-top-section elementor-element elementor-element-05d5db4 elementor-section-boxed elementor-section-height-default elementor-section-height-default\" data-id=\"05d5db4\" data-element_type=\"section\" data-e-type=\"section\">\n\t\t\t\t\t\t<div class=\"elementor-container elementor-column-gap-default\">\n\t\t\t\t\t<div class=\"elementor-column elementor-col-50 elementor-top-column elementor-element elementor-element-49717a3 stretch-to-none\" data-id=\"49717a3\" data-element_type=\"column\" data-e-type=\"column\">\n\t\t\t<div class=\"elementor-widget-wrap elementor-element-populated\">\n\t\t\t\t\t\t<div class=\"elementor-element elementor-element-bbb32bc elementor-widget elementor-widget-image\" data-id=\"bbb32bc\" data-element_type=\"widget\" data-e-type=\"widget\" data-widget_type=\"image.default\">\n\t\t\t\t<div class=\"elementor-widget-container\">\n\t\t\t\t\t\t\t\t\t\t\t\t\t\t\t<img fetchpriority=\"high\" decoding=\"async\" width=\"900\" height=\"600\" src=\"https:\/\/fincasaba.com\/wp-content\/uploads\/2022\/09\/seguros-locales-1024x683.jpg\" class=\"attachment-large size-large wp-image-8490\" alt=\"\" srcset=\"https:\/\/fincasaba.com\/wp-content\/uploads\/2022\/09\/seguros-locales-1024x683.jpg 1024w, https:\/\/fincasaba.com\/wp-content\/uploads\/2022\/09\/seguros-locales-300x200.jpg 300w, https:\/\/fincasaba.com\/wp-content\/uploads\/2022\/09\/seguros-locales-768x512.jpg 768w, https:\/\/fincasaba.com\/wp-content\/uploads\/2022\/09\/seguros-locales-1536x1024.jpg 1536w, https:\/\/fincasaba.com\/wp-content\/uploads\/2022\/09\/seguros-locales-2048x1365.jpg 2048w, https:\/\/fincasaba.com\/wp-content\/uploads\/2022\/09\/seguros-locales-scaled-18x12.jpg 18w, https:\/\/fincasaba.com\/wp-content\/uploads\/2022\/09\/seguros-locales-scaled.jpg 1621w\" sizes=\"(max-width: 900px) 100vw, 900px\" \/>\t\t\t\t\t\t\t\t\t\t\t\t\t\t\t<\/div>\n\t\t\t\t<\/div>\n\t\t\t\t\t<\/div>\n\t\t<\/div>\n\t\t\t\t<div class=\"elementor-column elementor-col-50 elementor-top-column elementor-element elementor-element-2022678 stretch-to-none\" data-id=\"2022678\" data-element_type=\"column\" data-e-type=\"column\">\n\t\t\t<div class=\"elementor-widget-wrap elementor-element-populated\">\n\t\t\t\t\t\t<div class=\"elementor-element elementor-element-ff9d551 elementor-widget elementor-widget-text-editor\" data-id=\"ff9d551\" data-element_type=\"widget\" data-e-type=\"widget\" data-widget_type=\"text-editor.default\">\n\t\t\t\t<div class=\"elementor-widget-container\">\n\t\t\t\t\t\t\t\t\t<section id=\"precio-seguro-coche\" class=\"how-we-do waypoint\"><div class=\"row\"><div class=\"col-xs-12\"><h2 class=\"h1-copycat\">Per qu\u00e8 una asseguran\u00e7a per a locals?<\/h2><p>Com entenem perfectament que aquesta \u00e9s una situaci\u00f3 plena de particularitats, a Fincas ABA hem creat una asseguran\u00e7a especialitzada.<\/p><p>Tamb\u00e9 treballem amb locals a galeries comercials, i \u00e9s que t'oferim la possibilitat de contractar una protecci\u00f3 a mida amb les cobertures que realment necessites.<\/p><\/div><\/div><\/section>\t\t\t\t\t\t\t\t<\/div>\n\t\t\t\t<\/div>\n\t\t\t\t\t<\/div>\n\t\t<\/div>\n\t\t\t\t\t<\/div>\n\t\t<\/section>\n\t\t\t\t<section class=\"elementor-section elementor-top-section elementor-element elementor-element-a2e68c6 elementor-section-boxed elementor-section-height-default elementor-section-height-default\" data-id=\"a2e68c6\" data-element_type=\"section\" data-e-type=\"section\">\n\t\t\t\t\t\t\t<div class=\"elementor-background-overlay\"><\/div>\n\t\t\t\t\t\t\t<div class=\"elementor-container elementor-column-gap-default\">\n\t\t\t\t\t<div class=\"elementor-column elementor-col-100 elementor-top-column elementor-element elementor-element-1d02db2 stretch-to-none\" data-id=\"1d02db2\" data-element_type=\"column\" data-e-type=\"column\">\n\t\t\t<div class=\"elementor-widget-wrap elementor-element-populated\">\n\t\t\t\t\t\t<div class=\"elementor-element elementor-element-e80eba4 elementor-widget elementor-widget-text-editor\" data-id=\"e80eba4\" data-element_type=\"widget\" data-e-type=\"widget\" data-widget_type=\"text-editor.default\">\n\t\t\t\t<div class=\"elementor-widget-container\">\n\t\t\t\t\t\t\t\t\t<h3>A quin tipus de riscos es pot enfrontar el teu local comercial? A continuaci\u00f3 et citem alguns dels m\u00e9s comuns:<\/h3><h4 class=\"product-title\">TRENCAMENT DE VIDRES I R\u00c8TOLS<\/h4><div class=\"product-text\"><p>Es trenca una vidriera del teu local. Acudim com m\u00e9s aviat millor a reparar-la o et reemborsem el cost de la seva reposici\u00f3. A m\u00e9s, si mentrestant necessites un gu\u00e0rdia de seguretat, nosaltres t'ho proporcionem.<\/p><h4 class=\"product-title\">ROBATORI I EXPOLIACI\u00d3<\/h4><div class=\"product-text\"><p>Forcen l'entrada del teu local trencant el pany i la porta. Et paguem els desperfectes causats i, si t'han robat, cobrim les p\u00e8rdues.<\/p><h4 class=\"product-title\">DANYS PER AIGUA<\/h4><div class=\"product-text\"><p>Es trenca una canonada causant una inundaci\u00f3. El nostre servei d\u00b4assist\u00e8ncia les 24 hores s\u00b4encarregar\u00e0 d\u00b4enviar immediatament a un professional perqu\u00e8 et solucioni l\u00b4avaria. Tamb\u00e9 ens farem c\u00e0rrec dels danys causats per laigua.<\/p><h4 class=\"product-title\">ASSIST\u00c8NCIA 24 HORES<\/h4><div class=\"product-text\"><p>Els riscos a qu\u00e8 s'exposa un local comercial no saben horaris. T\u00b4oferim assist\u00e8ncia les 24 hores els 365 dies de l\u00b4any.<\/p><h4 class=\"product-title\">INCENDI<\/h4><div class=\"product-text\"><p>Es declara un incendi al teu local buit. Assumim els desperfectes causats, tant al teu local i com als locals contigus.<\/p><h4 class=\"product-title\">INUNDACI\u00d3 DURANT LA NIT<\/h4><div class=\"product-text\"><p>Els riscos a qu\u00e8 s'exposa un local comercial no saben horaris. Dins les cobertures b\u00e0siques de les p\u00f2lisses orientades a aquest tipus d'establiments \u00e9s habitual que us oferim un servei d'assist\u00e8ncia les 24 hores.<\/p><\/div><\/div><\/div><\/div><\/div><\/div>\t\t\t\t\t\t\t\t<\/div>\n\t\t\t\t<\/div>\n\t\t\t\t\t<\/div>\n\t\t<\/div>\n\t\t\t\t\t<\/div>\n\t\t<\/section>\n\t\t\t\t<section class=\"elementor-section elementor-top-section elementor-element elementor-element-6fa8a50 elementor-section-content-middle elementor-section-boxed elementor-section-height-default elementor-section-height-default\" data-id=\"6fa8a50\" data-element_type=\"section\" data-e-type=\"section\" data-settings=\"{&quot;background_background&quot;:&quot;classic&quot;}\">\n\t\t\t\t\t\t<div class=\"elementor-container elementor-column-gap-default\">\n\t\t\t\t\t<div class=\"elementor-column elementor-col-50 elementor-top-column elementor-element elementor-element-5d874b6 stretch-to-none\" data-id=\"5d874b6\" data-element_type=\"column\" data-e-type=\"column\">\n\t\t\t<div class=\"elementor-widget-wrap elementor-element-populated\">\n\t\t\t\t\t\t<div class=\"elementor-element elementor-element-15872e4 elementor-widget elementor-widget-text-editor\" data-id=\"15872e4\" data-element_type=\"widget\" data-e-type=\"widget\" data-widget_type=\"text-editor.default\">\n\t\t\t\t<div class=\"elementor-widget-container\">\n\t\t\t\t\t\t\t\t\t<p style=\"margin-bottom: 0; letter-spacing: -0.2px;\"><span class=\"hidden-outside-business-hours-JS\"><span style=\"color: #ffffff;\"><span style=\"font-size: 42px;\">DEMANA EL TEU PRESSUPOST<\/span><\/span><\/span><\/p>\t\t\t\t\t\t\t\t<\/div>\n\t\t\t\t<\/div>\n\t\t\t\t\t<\/div>\n\t\t<\/div>\n\t\t\t\t<div class=\"elementor-column elementor-col-50 elementor-top-column elementor-element elementor-element-83928b9 stretch-to-none\" data-id=\"83928b9\" data-element_type=\"column\" data-e-type=\"column\">\n\t\t\t<div class=\"elementor-widget-wrap elementor-element-populated\">\n\t\t\t\t\t\t<div class=\"elementor-element elementor-element-d717908 elementor-align-right elementor-tablet-align-center elementor-widget elementor-widget-button\" data-id=\"d717908\" data-element_type=\"widget\" data-e-type=\"widget\" data-widget_type=\"button.default\">\n\t\t\t\t<div class=\"elementor-widget-container\">\n\t\t\t\t\t\t\t\t\t<div class=\"elementor-button-wrapper\">\n\t\t\t\t\t<a class=\"elementor-button elementor-button-link elementor-size-sm\" href=\"https:\/\/fincasaba.com\/ca\/contact-us\/\">\n\t\t\t\t\t\t<span class=\"elementor-button-content-wrapper\">\n\t\t\t\t\t\t<span class=\"elementor-button-icon\">\n\t\t\t\t<i aria-hidden=\"true\" class=\"fasproperty-icon-user-1\"><\/i>\t\t\t<\/span>\n\t\t\t\t\t\t\t\t\t<span class=\"elementor-button-text\">Contactar<\/span>\n\t\t\t\t\t<\/span>\n\t\t\t\t\t<\/a>\n\t\t\t\t<\/div>\n\t\t\t\t\t\t\t\t<\/div>\n\t\t\t\t<\/div>\n\t\t\t\t\t<\/div>\n\t\t<\/div>\n\t\t\t\t\t<\/div>\n\t\t<\/section>\n\t\t\t\t<\/div>","protected":false},"excerpt":{"rendered":"<p>Fincas aba Seguros para locales Un local no est\u00e1 exento de riesgos aunque no albergue ning\u00fan tipo de actividad comercial. Son muchos los espacios destinados a reuniones de trabajo, asociaciones de vecinos o, simplemente, locales vac\u00edos, que pueden sufrir accidentes o imprevistos igualmente. \u00bfPor qu\u00e9 un seguro para locales? Como entendemos perfectamente que \u00e9sta es [&hellip;]<\/p>\n","protected":false},"author":2,"featured_media":0,"parent":0,"menu_order":0,"comment_status":"closed","ping_status":"closed","template":"","meta":{"footnotes":""},"class_list":["post-8722","page","type-page","status-publish","hentry"],"yoast_head":"<!-- This site is optimized with the Yoast SEO plugin v27.4 - https:\/\/yoast.com\/product\/yoast-seo-wordpress\/ -->\n<title>Seguros de coche - fincasaba.com<\/title>\n<meta name=\"robots\" content=\"index, follow, max-snippet:-1, max-image-preview:large, max-video-preview:-1\" \/>\n<link rel=\"canonical\" href=\"https:\/\/fincasaba.com\/ca\/seguros-de-coche\/\" \/>\n<meta property=\"og:locale\" content=\"ca_ES\" \/>\n<meta property=\"og:type\" content=\"article\" \/>\n<meta property=\"og:title\" content=\"Seguros de coche - fincasaba.com\" \/>\n<meta property=\"og:description\" content=\"Fincas aba Seguros para locales Un local no est\u00e1 exento de riesgos aunque no albergue ning\u00fan tipo de actividad comercial. Son muchos los espacios destinados a reuniones de trabajo, asociaciones de vecinos o, simplemente, locales vac\u00edos, que pueden sufrir accidentes o imprevistos igualmente. \u00bfPor qu\u00e9 un seguro para locales? Como entendemos perfectamente que \u00e9sta es [&hellip;]\" \/>\n<meta property=\"og:url\" content=\"https:\/\/fincasaba.com\/ca\/seguros-de-coche\/\" \/>\n<meta property=\"og:site_name\" content=\"fincasaba.com\" \/>\n<meta property=\"article:publisher\" content=\"https:\/\/www.facebook.com\/profile.php?id=100057446426721\" \/>\n<meta property=\"article:modified_time\" content=\"2022-10-10T15:42:42+00:00\" \/>\n<meta property=\"og:image\" content=\"https:\/\/fincasaba.com\/wp-content\/uploads\/2022\/09\/seguros-locales-1024x683.jpg\" \/>\n<meta name=\"twitter:card\" content=\"summary_large_image\" \/>\n<meta name=\"twitter:label1\" content=\"Temps estimat de lectura\" \/>\n\t<meta name=\"twitter:data1\" content=\"2 minuts\" \/>\n<script type=\"application\/ld+json\" class=\"yoast-schema-graph\">{\"@context\":\"https:\\\/\\\/schema.org\",\"@graph\":[{\"@type\":\"WebPage\",\"@id\":\"https:\\\/\\\/fincasaba.com\\\/seguros-de-coche\\\/\",\"url\":\"https:\\\/\\\/fincasaba.com\\\/seguros-de-coche\\\/\",\"name\":\"Seguros de coche - fincasaba.com\",\"isPartOf\":{\"@id\":\"https:\\\/\\\/fincasaba.com\\\/#website\"},\"primaryImageOfPage\":{\"@id\":\"https:\\\/\\\/fincasaba.com\\\/seguros-de-coche\\\/#primaryimage\"},\"image\":{\"@id\":\"https:\\\/\\\/fincasaba.com\\\/seguros-de-coche\\\/#primaryimage\"},\"thumbnailUrl\":\"https:\\\/\\\/fincasaba.com\\\/wp-content\\\/uploads\\\/2022\\\/09\\\/seguros-locales-1024x683.jpg\",\"datePublished\":\"2022-10-03T08:54:06+00:00\",\"dateModified\":\"2022-10-10T15:42:42+00:00\",\"breadcrumb\":{\"@id\":\"https:\\\/\\\/fincasaba.com\\\/seguros-de-coche\\\/#breadcrumb\"},\"inLanguage\":\"ca\",\"potentialAction\":[{\"@type\":\"ReadAction\",\"target\":[\"https:\\\/\\\/fincasaba.com\\\/seguros-de-coche\\\/\"]}]},{\"@type\":\"ImageObject\",\"inLanguage\":\"ca\",\"@id\":\"https:\\\/\\\/fincasaba.com\\\/seguros-de-coche\\\/#primaryimage\",\"url\":\"https:\\\/\\\/fincasaba.com\\\/wp-content\\\/uploads\\\/2022\\\/09\\\/seguros-locales-1024x683.jpg\",\"contentUrl\":\"https:\\\/\\\/fincasaba.com\\\/wp-content\\\/uploads\\\/2022\\\/09\\\/seguros-locales-1024x683.jpg\"},{\"@type\":\"BreadcrumbList\",\"@id\":\"https:\\\/\\\/fincasaba.com\\\/seguros-de-coche\\\/#breadcrumb\",\"itemListElement\":[{\"@type\":\"ListItem\",\"position\":1,\"name\":\"Portada\",\"item\":\"https:\\\/\\\/fincasaba.com\\\/\"},{\"@type\":\"ListItem\",\"position\":2,\"name\":\"Seguros de coche\"}]},{\"@type\":\"WebSite\",\"@id\":\"https:\\\/\\\/fincasaba.com\\\/#website\",\"url\":\"https:\\\/\\\/fincasaba.com\\\/\",\"name\":\"Inmobilliaria en Tarragona Fincas ABA - administradores de comunidades\",\"description\":\"Inmobiliaria especializada en administraci\u00f3n de comunidades y fincas en Tarragona\",\"publisher\":{\"@id\":\"https:\\\/\\\/fincasaba.com\\\/#organization\"},\"alternateName\":\"Fincas ABA\",\"potentialAction\":[{\"@type\":\"SearchAction\",\"target\":{\"@type\":\"EntryPoint\",\"urlTemplate\":\"https:\\\/\\\/fincasaba.com\\\/?s={search_term_string}\"},\"query-input\":{\"@type\":\"PropertyValueSpecification\",\"valueRequired\":true,\"valueName\":\"search_term_string\"}}],\"inLanguage\":\"ca\"},{\"@type\":\"Organization\",\"@id\":\"https:\\\/\\\/fincasaba.com\\\/#organization\",\"name\":\"Inmobiliaria Fincas ABA - expertos en administraci\u00f3n de comunidades\",\"alternateName\":\"Fincas ABA\",\"url\":\"https:\\\/\\\/fincasaba.com\\\/\",\"logo\":{\"@type\":\"ImageObject\",\"inLanguage\":\"ca\",\"@id\":\"https:\\\/\\\/fincasaba.com\\\/#\\\/schema\\\/logo\\\/image\\\/\",\"url\":\"https:\\\/\\\/fincasaba.com\\\/wp-content\\\/uploads\\\/2022\\\/09\\\/logo-fincasaba-1-235x214.jpg\",\"contentUrl\":\"https:\\\/\\\/fincasaba.com\\\/wp-content\\\/uploads\\\/2022\\\/09\\\/logo-fincasaba-1-235x214.jpg\",\"width\":235,\"height\":214,\"caption\":\"Inmobiliaria Fincas ABA - expertos en administraci\u00f3n de comunidades\"},\"image\":{\"@id\":\"https:\\\/\\\/fincasaba.com\\\/#\\\/schema\\\/logo\\\/image\\\/\"},\"sameAs\":[\"https:\\\/\\\/www.facebook.com\\\/profile.php?id=100057446426721\"]}]}<\/script>\n<!-- \/ Yoast SEO plugin. -->","yoast_head_json":{"title":"Seguros de coche - fincasaba.com","robots":{"index":"index","follow":"follow","max-snippet":"max-snippet:-1","max-image-preview":"max-image-preview:large","max-video-preview":"max-video-preview:-1"},"canonical":"https:\/\/fincasaba.com\/ca\/seguros-de-coche\/","og_locale":"ca_ES","og_type":"article","og_title":"Seguros de coche - fincasaba.com","og_description":"Fincas aba Seguros para locales Un local no est\u00e1 exento de riesgos aunque no albergue ning\u00fan tipo de actividad comercial. Son muchos los espacios destinados a reuniones de trabajo, asociaciones de vecinos o, simplemente, locales vac\u00edos, que pueden sufrir accidentes o imprevistos igualmente. \u00bfPor qu\u00e9 un seguro para locales? Como entendemos perfectamente que \u00e9sta es [&hellip;]","og_url":"https:\/\/fincasaba.com\/ca\/seguros-de-coche\/","og_site_name":"fincasaba.com","article_publisher":"https:\/\/www.facebook.com\/profile.php?id=100057446426721","article_modified_time":"2022-10-10T15:42:42+00:00","og_image":[{"url":"https:\/\/fincasaba.com\/wp-content\/uploads\/2022\/09\/seguros-locales-1024x683.jpg","type":"","width":"","height":""}],"twitter_card":"summary_large_image","twitter_misc":{"Temps estimat de lectura":"2 minuts"},"schema":{"@context":"https:\/\/schema.org","@graph":[{"@type":"WebPage","@id":"https:\/\/fincasaba.com\/seguros-de-coche\/","url":"https:\/\/fincasaba.com\/seguros-de-coche\/","name":"Seguros de coche - fincasaba.com","isPartOf":{"@id":"https:\/\/fincasaba.com\/#website"},"primaryImageOfPage":{"@id":"https:\/\/fincasaba.com\/seguros-de-coche\/#primaryimage"},"image":{"@id":"https:\/\/fincasaba.com\/seguros-de-coche\/#primaryimage"},"thumbnailUrl":"https:\/\/fincasaba.com\/wp-content\/uploads\/2022\/09\/seguros-locales-1024x683.jpg","datePublished":"2022-10-03T08:54:06+00:00","dateModified":"2022-10-10T15:42:42+00:00","breadcrumb":{"@id":"https:\/\/fincasaba.com\/seguros-de-coche\/#breadcrumb"},"inLanguage":"ca","potentialAction":[{"@type":"ReadAction","target":["https:\/\/fincasaba.com\/seguros-de-coche\/"]}]},{"@type":"ImageObject","inLanguage":"ca","@id":"https:\/\/fincasaba.com\/seguros-de-coche\/#primaryimage","url":"https:\/\/fincasaba.com\/wp-content\/uploads\/2022\/09\/seguros-locales-1024x683.jpg","contentUrl":"https:\/\/fincasaba.com\/wp-content\/uploads\/2022\/09\/seguros-locales-1024x683.jpg"},{"@type":"BreadcrumbList","@id":"https:\/\/fincasaba.com\/seguros-de-coche\/#breadcrumb","itemListElement":[{"@type":"ListItem","position":1,"name":"Portada","item":"https:\/\/fincasaba.com\/"},{"@type":"ListItem","position":2,"name":"Seguros de coche"}]},{"@type":"WebSite","@id":"https:\/\/fincasaba.com\/#website","url":"https:\/\/fincasaba.com\/","name":"Inmobilliaria en Tarragona Fincas ABA - administradores de comunidades","description":"Inmobiliaria especializada en administraci\u00f3n de comunidades y fincas en Tarragona","publisher":{"@id":"https:\/\/fincasaba.com\/#organization"},"alternateName":"Fincas ABA","potentialAction":[{"@type":"SearchAction","target":{"@type":"EntryPoint","urlTemplate":"https:\/\/fincasaba.com\/?s={search_term_string}"},"query-input":{"@type":"PropertyValueSpecification","valueRequired":true,"valueName":"search_term_string"}}],"inLanguage":"ca"},{"@type":"Organization","@id":"https:\/\/fincasaba.com\/#organization","name":"Inmobiliaria Fincas ABA - expertos en administraci\u00f3n de comunidades","alternateName":"Fincas ABA","url":"https:\/\/fincasaba.com\/","logo":{"@type":"ImageObject","inLanguage":"ca","@id":"https:\/\/fincasaba.com\/#\/schema\/logo\/image\/","url":"https:\/\/fincasaba.com\/wp-content\/uploads\/2022\/09\/logo-fincasaba-1-235x214.jpg","contentUrl":"https:\/\/fincasaba.com\/wp-content\/uploads\/2022\/09\/logo-fincasaba-1-235x214.jpg","width":235,"height":214,"caption":"Inmobiliaria Fincas ABA - expertos en administraci\u00f3n de comunidades"},"image":{"@id":"https:\/\/fincasaba.com\/#\/schema\/logo\/image\/"},"sameAs":["https:\/\/www.facebook.com\/profile.php?id=100057446426721"]}]}},"_links":{"self":[{"href":"https:\/\/fincasaba.com\/ca\/wp-json\/wp\/v2\/pages\/8722","targetHints":{"allow":["GET"]}}],"collection":[{"href":"https:\/\/fincasaba.com\/ca\/wp-json\/wp\/v2\/pages"}],"about":[{"href":"https:\/\/fincasaba.com\/ca\/wp-json\/wp\/v2\/types\/page"}],"author":[{"embeddable":true,"href":"https:\/\/fincasaba.com\/ca\/wp-json\/wp\/v2\/users\/2"}],"replies":[{"embeddable":true,"href":"https:\/\/fincasaba.com\/ca\/wp-json\/wp\/v2\/comments?post=8722"}],"version-history":[{"count":45,"href":"https:\/\/fincasaba.com\/ca\/wp-json\/wp\/v2\/pages\/8722\/revisions"}],"predecessor-version":[{"id":8955,"href":"https:\/\/fincasaba.com\/ca\/wp-json\/wp\/v2\/pages\/8722\/revisions\/8955"}],"wp:attachment":[{"href":"https:\/\/fincasaba.com\/ca\/wp-json\/wp\/v2\/media?parent=8722"}],"curies":[{"name":"wp","href":"https:\/\/api.w.org\/{rel}","templated":true}]}}