{"id":8730,"date":"2022-10-03T08:59:59","date_gmt":"2022-10-03T08:59:59","guid":{"rendered":"https:\/\/fincasaba.com\/?page_id=8730"},"modified":"2022-10-20T07:37:46","modified_gmt":"2022-10-20T07:37:46","slug":"seguros-de-hogar","status":"publish","type":"page","link":"https:\/\/fincasaba.com\/ca\/seguros-de-hogar\/","title":{"rendered":"Assegurances de la llar"},"content":{"rendered":"<div data-elementor-type=\"wp-page\" data-elementor-id=\"8730\" class=\"elementor elementor-8730\">\n\t\t\t\t\t\t<section class=\"elementor-section elementor-top-section elementor-element elementor-element-19613da elementor-section-height-full elementor-section-boxed elementor-section-height-default elementor-section-items-middle\" data-id=\"19613da\" data-element_type=\"section\" data-e-type=\"section\" data-settings=\"{&quot;background_background&quot;:&quot;classic&quot;}\">\n\t\t\t\t\t\t\t<div class=\"elementor-background-overlay\"><\/div>\n\t\t\t\t\t\t\t<div class=\"elementor-container elementor-column-gap-default\">\n\t\t\t\t\t<div class=\"elementor-column elementor-col-100 elementor-top-column elementor-element elementor-element-6f137fd stretch-to-none\" data-id=\"6f137fd\" data-element_type=\"column\" data-e-type=\"column\">\n\t\t\t<div class=\"elementor-widget-wrap elementor-element-populated\">\n\t\t\t\t\t\t<div class=\"elementor-element elementor-element-d83a495 elementor-widget elementor-widget-heading\" data-id=\"d83a495\" data-element_type=\"widget\" data-e-type=\"widget\" data-widget_type=\"heading.default\">\n\t\t\t\t<div class=\"elementor-widget-container\">\n\t\t\t\t\t<div class=\"elementor-heading-title elementor-size-default\"><a href=\"https:\/\/fincasaba.com\/ca\/inmobiliaria-en-tarragona\/\">Fincas aba<\/a><\/div>\t\t\t\t<\/div>\n\t\t\t\t<\/div>\n\t\t\t\t<section class=\"elementor-section elementor-inner-section elementor-element elementor-element-677f99a elementor-section-boxed elementor-section-height-default elementor-section-height-default\" data-id=\"677f99a\" data-element_type=\"section\" data-e-type=\"section\">\n\t\t\t\t\t\t<div class=\"elementor-container elementor-column-gap-default\">\n\t\t\t\t\t<div class=\"elementor-column elementor-col-100 elementor-inner-column elementor-element elementor-element-247ae93 stretch-to-none\" data-id=\"247ae93\" data-element_type=\"column\" data-e-type=\"column\">\n\t\t\t<div class=\"elementor-widget-wrap elementor-element-populated\">\n\t\t\t\t\t\t<div class=\"elementor-element elementor-element-8e16999 elementor-widget elementor-widget-heading\" data-id=\"8e16999\" data-element_type=\"widget\" data-e-type=\"widget\" data-widget_type=\"heading.default\">\n\t\t\t\t<div class=\"elementor-widget-container\">\n\t\t\t\t\t<h1 class=\"elementor-heading-title elementor-size-default\">Assegurances de la llar<\/h1>\t\t\t\t<\/div>\n\t\t\t\t<\/div>\n\t\t\t\t\t<\/div>\n\t\t<\/div>\n\t\t\t\t\t<\/div>\n\t\t<\/section>\n\t\t\t\t\t<\/div>\n\t\t<\/div>\n\t\t\t\t\t<\/div>\n\t\t<\/section>\n\t\t\t\t<section class=\"elementor-section elementor-top-section elementor-element elementor-element-cda0400 elementor-section-boxed elementor-section-height-default elementor-section-height-default\" data-id=\"cda0400\" data-element_type=\"section\" data-e-type=\"section\">\n\t\t\t\t\t\t<div class=\"elementor-container elementor-column-gap-default\">\n\t\t\t\t\t<div class=\"elementor-column elementor-col-100 elementor-top-column elementor-element elementor-element-70f86fc stretch-to-none\" data-id=\"70f86fc\" data-element_type=\"column\" data-e-type=\"column\">\n\t\t\t<div class=\"elementor-widget-wrap elementor-element-populated\">\n\t\t\t\t\t\t<div class=\"elementor-element elementor-element-60cef84 elementor-widget elementor-widget-text-editor\" data-id=\"60cef84\" data-element_type=\"widget\" data-e-type=\"widget\" data-widget_type=\"text-editor.default\">\n\t\t\t\t<div class=\"elementor-widget-container\">\n\t\t\t\t\t\t\t\t\t<h2>Qu\u00e8 cobreix una asseguran\u00e7a de la llar?<\/h2>\n<p><img fetchpriority=\"high\" decoding=\"async\" class=\"size-medium wp-image-8492 alignleft\" src=\"https:\/\/fincasaba.com\/wp-content\/uploads\/2022\/09\/seguro-vivienda-alquiler-300x217.png\" alt=\"\" width=\"300\" height=\"217\" srcset=\"https:\/\/fincasaba.com\/wp-content\/uploads\/2022\/09\/seguro-vivienda-alquiler-300x217.png 300w, https:\/\/fincasaba.com\/wp-content\/uploads\/2022\/09\/seguro-vivienda-alquiler-1024x741.png 1024w, https:\/\/fincasaba.com\/wp-content\/uploads\/2022\/09\/seguro-vivienda-alquiler-768x556.png 768w, https:\/\/fincasaba.com\/wp-content\/uploads\/2022\/09\/seguro-vivienda-alquiler-1536x1111.png 1536w, https:\/\/fincasaba.com\/wp-content\/uploads\/2022\/09\/seguro-vivienda-alquiler-2048x1482.png 2048w, https:\/\/fincasaba.com\/wp-content\/uploads\/2022\/09\/seguro-vivienda-alquiler-18x12.png 18w\" sizes=\"(max-width: 300px) 100vw, 300px\" \/>L'asseguran\u00e7a de la llar protegeix l'habitatge davant els danys que hi puguin ser causats, tant al continent com al contingut. El m\u00e9s com\u00fa \u00e9s que aquest tipus de p\u00f2lisses cobreixin davant: incendi, explosi\u00f3 i caiguda de llamp; actes de vandalisme, accions tumultu\u00e0ries i vagues; fen\u00f2mens atmosf\u00e8rics (pluja, vent, pedra i neu); p\u00e8rdues de lloguers, inhabitabilitat; robatori, espoliaci\u00f3 i furt; danys produ\u00efts per laigua, i trencament de vidres.<\/p>\n<p>D'altra banda,&nbsp;<strong>no totes les asseguradores cobreixen davant dels mateixos riscos<\/strong>. Per exemple, mentre que algunes companyies nom\u00e9s protegeixen els electrodom\u00e8stics, la garantia d'altres arriben fins i tot a les plantes del jard\u00ed. Per aix\u00f2, \u00e9s important estar al corrent de quines cobertures t\u00e9 l'asseguran\u00e7a de casa nostra ja que, sovint, i per desconeixement, deixem de rebre prestacions a qu\u00e8 tenim dret.<\/p>\n<p>Entre les cobertures menys conegudes de les p\u00f2lisses, en destaquen algunes com les de p\u00e8rdua d'aliments, indemnitzaci\u00f3 en cas d'atracament, compensacions en cas d'haver d'abandonar el domicili i l'\u00fas fraudulent de targetes de cr\u00e8dit.<\/p>\n<p class=\"last\">Des de Fincas ABA tamb\u00e9 et recomanem que estiguis atent a les exclusions que pugui tenir la teva asseguran\u00e7a. Per exemple, en cas d'incendi algunes entitats no es fan c\u00e0rrec del sinistre si s'ha produ\u00eft per una distracci\u00f3 dels habitants de l'habitatge. Igualment, algunes no responen davant de robatoris, inundacions o incendis que s'hagin produ\u00eft a la casa si l'assegurat se n'ha absentat m\u00e9s de 72 hores.<\/p>\n<p><\/p>\n<h2>Responsabilitat Civil, una de les cobertures m\u00e9s importants<\/h2>\n<div class=\"col-md-12 container-foto\">\n<p>La Responsabilitat Civil \u00e9s una cobertura que sol estar inclosa en tot pr\u00e0cticament<img decoding=\"async\" class=\"size-medium wp-image-8493 alignright lazyload\" data-src=\"https:\/\/fincasaba.com\/wp-content\/uploads\/2022\/09\/venta-de-inmuebles-300x200.jpg\" alt=\"\" width=\"300\" height=\"200\" data-srcset=\"https:\/\/fincasaba.com\/wp-content\/uploads\/2022\/09\/venta-de-inmuebles-300x200.jpg 300w, https:\/\/fincasaba.com\/wp-content\/uploads\/2022\/09\/venta-de-inmuebles-768x513.jpg 768w, https:\/\/fincasaba.com\/wp-content\/uploads\/2022\/09\/venta-de-inmuebles-760x510.jpg 760w, https:\/\/fincasaba.com\/wp-content\/uploads\/2022\/09\/venta-de-inmuebles.jpg 800w, https:\/\/fincasaba.com\/wp-content\/uploads\/2022\/09\/venta-de-inmuebles-18x12.jpg 18w, https:\/\/fincasaba.com\/wp-content\/uploads\/2022\/09\/venta-de-inmuebles-600x401.jpg 600w\" data-sizes=\"(max-width: 300px) 100vw, 300px\" src=\"data:image\/svg+xml;base64,PHN2ZyB3aWR0aD0iMSIgaGVpZ2h0PSIxIiB4bWxucz0iaHR0cDovL3d3dy53My5vcmcvMjAwMC9zdmciPjwvc3ZnPg==\" style=\"--smush-placeholder-width: 300px; --smush-placeholder-aspect-ratio: 300\/200;\" \/> totes les assegurances de llar, i s'encarrega de&nbsp;<strong>protegir l'assegurat i la fam\u00edlia davant els possibles danys que puguin ocasionar a tercers<\/strong>. En contractar-la, l'asseguradora es fa c\u00e0rrec del pagament de les indemnitzacions a qu\u00e8 el client hauria de fer front si \u00e9s el responsable civil de danys causats, de manera accidental, a tercers a la seva vida privada. \u00c9s a dir, si el teu habitatge o algun component causa danys a terceres persones, la teva obligaci\u00f3 \u00e9s indemnitzar-les. En cas de no tenir aquesta cobertura, haur\u00e0s de respondre amb el teu propi patrimoni. Aix\u00ed, la Responsabilitat Civil s'encarrega, per exemple, d'indemnitzar el teu ve\u00ed de baix en cas que surtin humitats per culpa d'una fuita de les canonades.<\/p>\n<p class=\"last\">La Responsabilitat Civil respon tant pels&nbsp;<strong>d'anys materials com pels personals<\/strong>, ja que, encara que tots dos poden ser costosos, els perjudicis personals solen comportar quantioses indemnitzacions. El capital cobert per al pagament d'indemnitzacions varia segons la p\u00f2lissa escollida: hi ha p\u00f2lisses amb 150.000 euros de cobertura, mentre que d'altres superen els 600.000 euros. Resulta per tant vital fer servir un comparador d'assegurances de la llar per entendre les difer\u00e8ncies i trobar aix\u00ed l'opci\u00f3 que cobreixi les nostres necessitats al millor preu possible.<\/p>\n<\/div>\t\t\t\t\t\t\t\t<\/div>\n\t\t\t\t<\/div>\n\t\t\t\t\t<\/div>\n\t\t<\/div>\n\t\t\t\t\t<\/div>\n\t\t<\/section>\n\t\t\t\t<section class=\"elementor-section elementor-top-section elementor-element elementor-element-4e98901 elementor-section-content-middle elementor-section-boxed elementor-section-height-default elementor-section-height-default\" data-id=\"4e98901\" data-element_type=\"section\" data-e-type=\"section\" data-settings=\"{&quot;background_background&quot;:&quot;classic&quot;}\">\n\t\t\t\t\t\t<div class=\"elementor-container elementor-column-gap-default\">\n\t\t\t\t\t<div class=\"elementor-column elementor-col-50 elementor-top-column elementor-element elementor-element-80be2bd stretch-to-none\" data-id=\"80be2bd\" data-element_type=\"column\" data-e-type=\"column\">\n\t\t\t<div class=\"elementor-widget-wrap elementor-element-populated\">\n\t\t\t\t\t\t<div class=\"elementor-element elementor-element-2f66e1c elementor-widget elementor-widget-text-editor\" data-id=\"2f66e1c\" data-element_type=\"widget\" data-e-type=\"widget\" data-widget_type=\"text-editor.default\">\n\t\t\t\t<div class=\"elementor-widget-container\">\n\t\t\t\t\t\t\t\t\t<p style=\"margin-bottom: 0; letter-spacing: -0.2px;\"><span class=\"hidden-outside-business-hours-JS\"><span style=\"color: #ffffff;\"><span style=\"font-size: 42px;\">DEMANA EL TEU PRESSUPOST<\/span><\/span><\/span><\/p>\t\t\t\t\t\t\t\t<\/div>\n\t\t\t\t<\/div>\n\t\t\t\t\t<\/div>\n\t\t<\/div>\n\t\t\t\t<div class=\"elementor-column elementor-col-50 elementor-top-column elementor-element elementor-element-a2e7d81 stretch-to-none\" data-id=\"a2e7d81\" data-element_type=\"column\" data-e-type=\"column\">\n\t\t\t<div class=\"elementor-widget-wrap elementor-element-populated\">\n\t\t\t\t\t\t<div class=\"elementor-element elementor-element-e56870d elementor-align-right elementor-tablet-align-center elementor-widget elementor-widget-button\" data-id=\"e56870d\" data-element_type=\"widget\" data-e-type=\"widget\" data-widget_type=\"button.default\">\n\t\t\t\t<div class=\"elementor-widget-container\">\n\t\t\t\t\t\t\t\t\t<div class=\"elementor-button-wrapper\">\n\t\t\t\t\t<a class=\"elementor-button elementor-button-link elementor-size-sm\" href=\"https:\/\/fincasaba.com\/ca\/contact-us\/\">\n\t\t\t\t\t\t<span class=\"elementor-button-content-wrapper\">\n\t\t\t\t\t\t<span class=\"elementor-button-icon\">\n\t\t\t\t<i aria-hidden=\"true\" class=\"fasproperty-icon-user-1\"><\/i>\t\t\t<\/span>\n\t\t\t\t\t\t\t\t\t<span class=\"elementor-button-text\">Contactar<\/span>\n\t\t\t\t\t<\/span>\n\t\t\t\t\t<\/a>\n\t\t\t\t<\/div>\n\t\t\t\t\t\t\t\t<\/div>\n\t\t\t\t<\/div>\n\t\t\t\t\t<\/div>\n\t\t<\/div>\n\t\t\t\t\t<\/div>\n\t\t<\/section>\n\t\t\t\t<\/div>","protected":false},"excerpt":{"rendered":"<p>Fincas aba Seguros de hogar \u00bfQu\u00e9 cubre un seguro de hogar? El seguro de hogar protege a la vivienda ante los da\u00f1os que puedan ser causados en ella, tanto en su continente como en su contenido. Lo m\u00e1s com\u00fan es que este tipo de p\u00f3lizas cubran ante: incendio, explosi\u00f3n y ca\u00edda de rayo; actos de [&hellip;]<\/p>\n","protected":false},"author":2,"featured_media":0,"parent":0,"menu_order":0,"comment_status":"closed","ping_status":"closed","template":"","meta":{"footnotes":""},"class_list":["post-8730","page","type-page","status-publish","hentry"],"yoast_head":"<!-- This site is optimized with the Yoast SEO plugin v27.4 - https:\/\/yoast.com\/product\/yoast-seo-wordpress\/ -->\n<title>Seguros de hogar - fincasaba.com<\/title>\n<meta name=\"robots\" content=\"index, follow, max-snippet:-1, max-image-preview:large, max-video-preview:-1\" \/>\n<link rel=\"canonical\" href=\"https:\/\/fincasaba.com\/ca\/seguros-de-hogar\/\" \/>\n<meta property=\"og:locale\" content=\"ca_ES\" \/>\n<meta property=\"og:type\" content=\"article\" \/>\n<meta property=\"og:title\" content=\"Seguros de hogar - fincasaba.com\" \/>\n<meta property=\"og:description\" content=\"Fincas aba Seguros de hogar \u00bfQu\u00e9 cubre un seguro de hogar? El seguro de hogar protege a la vivienda ante los da\u00f1os que puedan ser causados en ella, tanto en su continente como en su contenido. Lo m\u00e1s com\u00fan es que este tipo de p\u00f3lizas cubran ante: incendio, explosi\u00f3n y ca\u00edda de rayo; actos de [&hellip;]\" \/>\n<meta property=\"og:url\" content=\"https:\/\/fincasaba.com\/ca\/seguros-de-hogar\/\" \/>\n<meta property=\"og:site_name\" content=\"fincasaba.com\" \/>\n<meta property=\"article:publisher\" content=\"https:\/\/www.facebook.com\/profile.php?id=100057446426721\" \/>\n<meta property=\"article:modified_time\" content=\"2022-10-20T07:37:46+00:00\" \/>\n<meta property=\"og:image\" content=\"https:\/\/fincasaba.com\/wp-content\/uploads\/2022\/09\/seguro-vivienda-alquiler-300x217.png\" \/>\n<meta name=\"twitter:card\" content=\"summary_large_image\" \/>\n<meta name=\"twitter:label1\" content=\"Temps estimat de lectura\" \/>\n\t<meta name=\"twitter:data1\" content=\"3 minuts\" \/>\n<script type=\"application\/ld+json\" class=\"yoast-schema-graph\">{\"@context\":\"https:\\\/\\\/schema.org\",\"@graph\":[{\"@type\":\"WebPage\",\"@id\":\"https:\\\/\\\/fincasaba.com\\\/seguros-de-hogar\\\/\",\"url\":\"https:\\\/\\\/fincasaba.com\\\/seguros-de-hogar\\\/\",\"name\":\"Seguros de hogar - fincasaba.com\",\"isPartOf\":{\"@id\":\"https:\\\/\\\/fincasaba.com\\\/#website\"},\"primaryImageOfPage\":{\"@id\":\"https:\\\/\\\/fincasaba.com\\\/seguros-de-hogar\\\/#primaryimage\"},\"image\":{\"@id\":\"https:\\\/\\\/fincasaba.com\\\/seguros-de-hogar\\\/#primaryimage\"},\"thumbnailUrl\":\"https:\\\/\\\/fincasaba.com\\\/wp-content\\\/uploads\\\/2022\\\/09\\\/seguro-vivienda-alquiler-300x217.png\",\"datePublished\":\"2022-10-03T08:59:59+00:00\",\"dateModified\":\"2022-10-20T07:37:46+00:00\",\"breadcrumb\":{\"@id\":\"https:\\\/\\\/fincasaba.com\\\/seguros-de-hogar\\\/#breadcrumb\"},\"inLanguage\":\"ca\",\"potentialAction\":[{\"@type\":\"ReadAction\",\"target\":[\"https:\\\/\\\/fincasaba.com\\\/seguros-de-hogar\\\/\"]}]},{\"@type\":\"ImageObject\",\"inLanguage\":\"ca\",\"@id\":\"https:\\\/\\\/fincasaba.com\\\/seguros-de-hogar\\\/#primaryimage\",\"url\":\"https:\\\/\\\/fincasaba.com\\\/wp-content\\\/uploads\\\/2022\\\/09\\\/seguro-vivienda-alquiler-300x217.png\",\"contentUrl\":\"https:\\\/\\\/fincasaba.com\\\/wp-content\\\/uploads\\\/2022\\\/09\\\/seguro-vivienda-alquiler-300x217.png\"},{\"@type\":\"BreadcrumbList\",\"@id\":\"https:\\\/\\\/fincasaba.com\\\/seguros-de-hogar\\\/#breadcrumb\",\"itemListElement\":[{\"@type\":\"ListItem\",\"position\":1,\"name\":\"Portada\",\"item\":\"https:\\\/\\\/fincasaba.com\\\/\"},{\"@type\":\"ListItem\",\"position\":2,\"name\":\"Seguros de hogar\"}]},{\"@type\":\"WebSite\",\"@id\":\"https:\\\/\\\/fincasaba.com\\\/#website\",\"url\":\"https:\\\/\\\/fincasaba.com\\\/\",\"name\":\"Inmobilliaria en Tarragona Fincas ABA - administradores de comunidades\",\"description\":\"Inmobiliaria especializada en administraci\u00f3n de comunidades y fincas en Tarragona\",\"publisher\":{\"@id\":\"https:\\\/\\\/fincasaba.com\\\/#organization\"},\"alternateName\":\"Fincas ABA\",\"potentialAction\":[{\"@type\":\"SearchAction\",\"target\":{\"@type\":\"EntryPoint\",\"urlTemplate\":\"https:\\\/\\\/fincasaba.com\\\/?s={search_term_string}\"},\"query-input\":{\"@type\":\"PropertyValueSpecification\",\"valueRequired\":true,\"valueName\":\"search_term_string\"}}],\"inLanguage\":\"ca\"},{\"@type\":\"Organization\",\"@id\":\"https:\\\/\\\/fincasaba.com\\\/#organization\",\"name\":\"Inmobiliaria Fincas ABA - expertos en administraci\u00f3n de comunidades\",\"alternateName\":\"Fincas ABA\",\"url\":\"https:\\\/\\\/fincasaba.com\\\/\",\"logo\":{\"@type\":\"ImageObject\",\"inLanguage\":\"ca\",\"@id\":\"https:\\\/\\\/fincasaba.com\\\/#\\\/schema\\\/logo\\\/image\\\/\",\"url\":\"https:\\\/\\\/fincasaba.com\\\/wp-content\\\/uploads\\\/2022\\\/09\\\/logo-fincasaba-1-235x214.jpg\",\"contentUrl\":\"https:\\\/\\\/fincasaba.com\\\/wp-content\\\/uploads\\\/2022\\\/09\\\/logo-fincasaba-1-235x214.jpg\",\"width\":235,\"height\":214,\"caption\":\"Inmobiliaria Fincas ABA - expertos en administraci\u00f3n de comunidades\"},\"image\":{\"@id\":\"https:\\\/\\\/fincasaba.com\\\/#\\\/schema\\\/logo\\\/image\\\/\"},\"sameAs\":[\"https:\\\/\\\/www.facebook.com\\\/profile.php?id=100057446426721\"]}]}<\/script>\n<!-- \/ Yoast SEO plugin. -->","yoast_head_json":{"title":"Seguros de hogar - fincasaba.com","robots":{"index":"index","follow":"follow","max-snippet":"max-snippet:-1","max-image-preview":"max-image-preview:large","max-video-preview":"max-video-preview:-1"},"canonical":"https:\/\/fincasaba.com\/ca\/seguros-de-hogar\/","og_locale":"ca_ES","og_type":"article","og_title":"Seguros de hogar - fincasaba.com","og_description":"Fincas aba Seguros de hogar \u00bfQu\u00e9 cubre un seguro de hogar? El seguro de hogar protege a la vivienda ante los da\u00f1os que puedan ser causados en ella, tanto en su continente como en su contenido. Lo m\u00e1s com\u00fan es que este tipo de p\u00f3lizas cubran ante: incendio, explosi\u00f3n y ca\u00edda de rayo; actos de [&hellip;]","og_url":"https:\/\/fincasaba.com\/ca\/seguros-de-hogar\/","og_site_name":"fincasaba.com","article_publisher":"https:\/\/www.facebook.com\/profile.php?id=100057446426721","article_modified_time":"2022-10-20T07:37:46+00:00","og_image":[{"url":"https:\/\/fincasaba.com\/wp-content\/uploads\/2022\/09\/seguro-vivienda-alquiler-300x217.png","type":"","width":"","height":""}],"twitter_card":"summary_large_image","twitter_misc":{"Temps estimat de lectura":"3 minuts"},"schema":{"@context":"https:\/\/schema.org","@graph":[{"@type":"WebPage","@id":"https:\/\/fincasaba.com\/seguros-de-hogar\/","url":"https:\/\/fincasaba.com\/seguros-de-hogar\/","name":"Seguros de hogar - fincasaba.com","isPartOf":{"@id":"https:\/\/fincasaba.com\/#website"},"primaryImageOfPage":{"@id":"https:\/\/fincasaba.com\/seguros-de-hogar\/#primaryimage"},"image":{"@id":"https:\/\/fincasaba.com\/seguros-de-hogar\/#primaryimage"},"thumbnailUrl":"https:\/\/fincasaba.com\/wp-content\/uploads\/2022\/09\/seguro-vivienda-alquiler-300x217.png","datePublished":"2022-10-03T08:59:59+00:00","dateModified":"2022-10-20T07:37:46+00:00","breadcrumb":{"@id":"https:\/\/fincasaba.com\/seguros-de-hogar\/#breadcrumb"},"inLanguage":"ca","potentialAction":[{"@type":"ReadAction","target":["https:\/\/fincasaba.com\/seguros-de-hogar\/"]}]},{"@type":"ImageObject","inLanguage":"ca","@id":"https:\/\/fincasaba.com\/seguros-de-hogar\/#primaryimage","url":"https:\/\/fincasaba.com\/wp-content\/uploads\/2022\/09\/seguro-vivienda-alquiler-300x217.png","contentUrl":"https:\/\/fincasaba.com\/wp-content\/uploads\/2022\/09\/seguro-vivienda-alquiler-300x217.png"},{"@type":"BreadcrumbList","@id":"https:\/\/fincasaba.com\/seguros-de-hogar\/#breadcrumb","itemListElement":[{"@type":"ListItem","position":1,"name":"Portada","item":"https:\/\/fincasaba.com\/"},{"@type":"ListItem","position":2,"name":"Seguros de hogar"}]},{"@type":"WebSite","@id":"https:\/\/fincasaba.com\/#website","url":"https:\/\/fincasaba.com\/","name":"Inmobilliaria en Tarragona Fincas ABA - administradores de comunidades","description":"Inmobiliaria especializada en administraci\u00f3n de comunidades y fincas en Tarragona","publisher":{"@id":"https:\/\/fincasaba.com\/#organization"},"alternateName":"Fincas ABA","potentialAction":[{"@type":"SearchAction","target":{"@type":"EntryPoint","urlTemplate":"https:\/\/fincasaba.com\/?s={search_term_string}"},"query-input":{"@type":"PropertyValueSpecification","valueRequired":true,"valueName":"search_term_string"}}],"inLanguage":"ca"},{"@type":"Organization","@id":"https:\/\/fincasaba.com\/#organization","name":"Inmobiliaria Fincas ABA - expertos en administraci\u00f3n de comunidades","alternateName":"Fincas ABA","url":"https:\/\/fincasaba.com\/","logo":{"@type":"ImageObject","inLanguage":"ca","@id":"https:\/\/fincasaba.com\/#\/schema\/logo\/image\/","url":"https:\/\/fincasaba.com\/wp-content\/uploads\/2022\/09\/logo-fincasaba-1-235x214.jpg","contentUrl":"https:\/\/fincasaba.com\/wp-content\/uploads\/2022\/09\/logo-fincasaba-1-235x214.jpg","width":235,"height":214,"caption":"Inmobiliaria Fincas ABA - expertos en administraci\u00f3n de comunidades"},"image":{"@id":"https:\/\/fincasaba.com\/#\/schema\/logo\/image\/"},"sameAs":["https:\/\/www.facebook.com\/profile.php?id=100057446426721"]}]}},"_links":{"self":[{"href":"https:\/\/fincasaba.com\/ca\/wp-json\/wp\/v2\/pages\/8730","targetHints":{"allow":["GET"]}}],"collection":[{"href":"https:\/\/fincasaba.com\/ca\/wp-json\/wp\/v2\/pages"}],"about":[{"href":"https:\/\/fincasaba.com\/ca\/wp-json\/wp\/v2\/types\/page"}],"author":[{"embeddable":true,"href":"https:\/\/fincasaba.com\/ca\/wp-json\/wp\/v2\/users\/2"}],"replies":[{"embeddable":true,"href":"https:\/\/fincasaba.com\/ca\/wp-json\/wp\/v2\/comments?post=8730"}],"version-history":[{"count":17,"href":"https:\/\/fincasaba.com\/ca\/wp-json\/wp\/v2\/pages\/8730\/revisions"}],"predecessor-version":[{"id":9151,"href":"https:\/\/fincasaba.com\/ca\/wp-json\/wp\/v2\/pages\/8730\/revisions\/9151"}],"wp:attachment":[{"href":"https:\/\/fincasaba.com\/ca\/wp-json\/wp\/v2\/media?parent=8730"}],"curies":[{"name":"wp","href":"https:\/\/api.w.org\/{rel}","templated":true}]}}