{"id":8735,"date":"2022-10-03T09:08:19","date_gmt":"2022-10-03T09:08:19","guid":{"rendered":"https:\/\/fincasaba.com\/?page_id=8735"},"modified":"2022-10-10T16:14:54","modified_gmt":"2022-10-10T16:14:54","slug":"seguros-de-salud","status":"publish","type":"page","link":"https:\/\/fincasaba.com\/ca\/seguros-de-salud\/","title":{"rendered":"Seguros de salud"},"content":{"rendered":"<div data-elementor-type=\"wp-page\" data-elementor-id=\"8735\" class=\"elementor elementor-8735\">\n\t\t\t\t\t\t<section class=\"elementor-section elementor-top-section elementor-element elementor-element-aaab1de elementor-section-height-full elementor-section-boxed elementor-section-height-default elementor-section-items-middle\" data-id=\"aaab1de\" data-element_type=\"section\" data-e-type=\"section\" data-settings=\"{&quot;background_background&quot;:&quot;classic&quot;}\">\n\t\t\t\t\t\t\t<div class=\"elementor-background-overlay\"><\/div>\n\t\t\t\t\t\t\t<div class=\"elementor-container elementor-column-gap-default\">\n\t\t\t\t\t<div class=\"elementor-column elementor-col-100 elementor-top-column elementor-element elementor-element-f313b79 stretch-to-none\" data-id=\"f313b79\" data-element_type=\"column\" data-e-type=\"column\">\n\t\t\t<div class=\"elementor-widget-wrap elementor-element-populated\">\n\t\t\t\t\t\t<div class=\"elementor-element elementor-element-000ee0b elementor-widget elementor-widget-heading\" data-id=\"000ee0b\" data-element_type=\"widget\" data-e-type=\"widget\" data-widget_type=\"heading.default\">\n\t\t\t\t<div class=\"elementor-widget-container\">\n\t\t\t\t\t<div class=\"elementor-heading-title elementor-size-default\"><a href=\"https:\/\/fincasaba.com\/ca\/inmobiliaria-en-tarragona\/\">Fincas aba<\/a><\/div>\t\t\t\t<\/div>\n\t\t\t\t<\/div>\n\t\t\t\t<section class=\"elementor-section elementor-inner-section elementor-element elementor-element-8afe22f elementor-section-boxed elementor-section-height-default elementor-section-height-default\" data-id=\"8afe22f\" data-element_type=\"section\" data-e-type=\"section\">\n\t\t\t\t\t\t<div class=\"elementor-container elementor-column-gap-default\">\n\t\t\t\t\t<div class=\"elementor-column elementor-col-100 elementor-inner-column elementor-element elementor-element-5e716fa stretch-to-none\" data-id=\"5e716fa\" data-element_type=\"column\" data-e-type=\"column\">\n\t\t\t<div class=\"elementor-widget-wrap elementor-element-populated\">\n\t\t\t\t\t\t<div class=\"elementor-element elementor-element-8171eca elementor-widget elementor-widget-heading\" data-id=\"8171eca\" data-element_type=\"widget\" data-e-type=\"widget\" data-widget_type=\"heading.default\">\n\t\t\t\t<div class=\"elementor-widget-container\">\n\t\t\t\t\t<h1 class=\"elementor-heading-title elementor-size-default\">Assegurances per a negocis<\/h1>\t\t\t\t<\/div>\n\t\t\t\t<\/div>\n\t\t\t\t\t<\/div>\n\t\t<\/div>\n\t\t\t\t\t<\/div>\n\t\t<\/section>\n\t\t\t\t\t<\/div>\n\t\t<\/div>\n\t\t\t\t\t<\/div>\n\t\t<\/section>\n\t\t\t\t<section class=\"elementor-section elementor-top-section elementor-element elementor-element-56507a3 elementor-section-boxed elementor-section-height-default elementor-section-height-default\" data-id=\"56507a3\" data-element_type=\"section\" data-e-type=\"section\">\n\t\t\t\t\t\t<div class=\"elementor-container elementor-column-gap-default\">\n\t\t\t\t\t<div class=\"elementor-column elementor-col-100 elementor-top-column elementor-element elementor-element-65d5dc0 stretch-to-none\" data-id=\"65d5dc0\" data-element_type=\"column\" data-e-type=\"column\">\n\t\t\t<div class=\"elementor-widget-wrap elementor-element-populated\">\n\t\t\t\t\t\t<div class=\"elementor-element elementor-element-4f39395 elementor-widget elementor-widget-text-editor\" data-id=\"4f39395\" data-element_type=\"widget\" data-e-type=\"widget\" data-widget_type=\"text-editor.default\">\n\t\t\t\t<div class=\"elementor-widget-container\">\n\t\t\t\t\t\t\t\t\t<h2><img fetchpriority=\"high\" decoding=\"async\" class=\"size-medium wp-image-8533 alignleft\" src=\"https:\/\/fincasaba.com\/wp-content\/uploads\/2022\/09\/financiamiento-300x200.jpeg\" alt=\"\" width=\"300\" height=\"200\" srcset=\"https:\/\/fincasaba.com\/wp-content\/uploads\/2022\/09\/financiamiento-300x200.jpeg 300w, https:\/\/fincasaba.com\/wp-content\/uploads\/2022\/09\/financiamiento-1024x683.jpeg 1024w, https:\/\/fincasaba.com\/wp-content\/uploads\/2022\/09\/financiamiento-768x512.jpeg 768w, https:\/\/fincasaba.com\/wp-content\/uploads\/2022\/09\/financiamiento-760x510.jpeg 760w, https:\/\/fincasaba.com\/wp-content\/uploads\/2022\/09\/financiamiento.jpeg 1200w, https:\/\/fincasaba.com\/wp-content\/uploads\/2022\/09\/financiamiento-18x12.jpeg 18w\" sizes=\"(max-width: 300px) 100vw, 300px\" \/><\/h2><h3>Per al negoci<\/h3><h4 class=\"product-title\">Asseguran\u00e7a per a negocis i comer\u00e7os<\/h4><div class=\"product-text\"><p>Amb assist\u00e8ncia les 24 hores i cobertura de p\u00e8rdua de beneficis: si et veus obligat a tancar com a conseq\u00fc\u00e8ncia d\u00b4un sinistre de donarem una paga fins a 12 mesos perqu\u00e8 puguis mantenir els teus ingressos.<\/p><h3>\u00a0<\/h3><h3>Per a les responsabilitats<\/h3><h4 class=\"product-title\">Asseguran\u00e7a de Responsabilitat Civil per a Pimes i Aut\u00f2noms<\/h4><div class=\"product-text\"><p>La teva asseguran\u00e7a de Responsabilitat Civil es far\u00e0 c\u00e0rrec de les indemnitzacions fruit d'errors o omissions professionals en qu\u00e8 hagi intervingut culpa o neglig\u00e8ncia i segons les condicions generals de la p\u00f2lissa.<\/p><h4 class=\"product-title\">Asseguran\u00e7a de Responsabilitat Civil Professional<\/h4><div class=\"product-text\"><p>Aquesta asseguran\u00e7a \u00e9s obligat\u00f2ria per a tots els professionals que, per llei, han d'estar col\u00b7legiats per exercir la seva professi\u00f3. Si ets aut\u00f2nom i formeu part d'un d'aquests col\u00b7lectius informa't de tot el que t'ofereix aquesta asseguran\u00e7a de Responsabilitat Civil.<\/p><p>\u00a0<\/p><\/div><h3>Per als empleats\u00a0<\/h3><h4 class=\"product-title\">Asseguran\u00e7a de Salut<\/h4><div class=\"product-text\"><p>M\u00e9s de 40.000 professionals i 1.200 centres assistencials a tot Espanya al teu abast amb la teva asseguran\u00e7a de Salut per a aut\u00f2noms. Gaudeix de totes les comoditats d\u00b4un servei sanitari proper i de qualitat.<\/p><\/div><h4 class=\"product-title\">Asseguran\u00e7a d'accidents col\u00b7lectius<\/h4><div class=\"product-text\"><p>La majoria d'empreses amb conveni estan obligades a protegir els seus empleats davant d'accidents que puguin tenir, si no \u00e9s el teu cas tamb\u00e9 et podem ajudar a cobrir qualsevol incident que pugui tenir un empleat teu.<\/p><\/div><\/div><\/div>\t\t\t\t\t\t\t\t<\/div>\n\t\t\t\t<\/div>\n\t\t\t\t\t<\/div>\n\t\t<\/div>\n\t\t\t\t\t<\/div>\n\t\t<\/section>\n\t\t\t\t<section class=\"elementor-section elementor-top-section elementor-element elementor-element-ad98061 elementor-section-content-middle elementor-section-boxed elementor-section-height-default elementor-section-height-default\" data-id=\"ad98061\" data-element_type=\"section\" data-e-type=\"section\" data-settings=\"{&quot;background_background&quot;:&quot;classic&quot;}\">\n\t\t\t\t\t\t<div class=\"elementor-container elementor-column-gap-default\">\n\t\t\t\t\t<div class=\"elementor-column elementor-col-50 elementor-top-column elementor-element elementor-element-9d15599 stretch-to-none\" data-id=\"9d15599\" data-element_type=\"column\" data-e-type=\"column\">\n\t\t\t<div class=\"elementor-widget-wrap elementor-element-populated\">\n\t\t\t\t\t\t<div class=\"elementor-element elementor-element-8947917 elementor-widget elementor-widget-text-editor\" data-id=\"8947917\" data-element_type=\"widget\" data-e-type=\"widget\" data-widget_type=\"text-editor.default\">\n\t\t\t\t<div class=\"elementor-widget-container\">\n\t\t\t\t\t\t\t\t\t<p style=\"margin-bottom: 0; letter-spacing: -0.2px;\"><span class=\"hidden-outside-business-hours-JS\"><span style=\"color: #ffffff;\"><span style=\"font-size: 42px;\">DEMANA JA EL TEU PRESSUPOST!<\/span><\/span><\/span><\/p>\t\t\t\t\t\t\t\t<\/div>\n\t\t\t\t<\/div>\n\t\t\t\t\t<\/div>\n\t\t<\/div>\n\t\t\t\t<div class=\"elementor-column elementor-col-50 elementor-top-column elementor-element elementor-element-3ead9a5 stretch-to-none\" data-id=\"3ead9a5\" data-element_type=\"column\" data-e-type=\"column\">\n\t\t\t<div class=\"elementor-widget-wrap elementor-element-populated\">\n\t\t\t\t\t\t<div class=\"elementor-element elementor-element-f1275a8 elementor-align-right elementor-tablet-align-center elementor-widget elementor-widget-button\" data-id=\"f1275a8\" data-element_type=\"widget\" data-e-type=\"widget\" data-widget_type=\"button.default\">\n\t\t\t\t<div class=\"elementor-widget-container\">\n\t\t\t\t\t\t\t\t\t<div class=\"elementor-button-wrapper\">\n\t\t\t\t\t<a class=\"elementor-button elementor-button-link elementor-size-sm\" href=\"https:\/\/fincasaba.com\/ca\/contact-us\/\">\n\t\t\t\t\t\t<span class=\"elementor-button-content-wrapper\">\n\t\t\t\t\t\t<span class=\"elementor-button-icon\">\n\t\t\t\t<i aria-hidden=\"true\" class=\"fasproperty-icon-user-1\"><\/i>\t\t\t<\/span>\n\t\t\t\t\t\t\t\t\t<span class=\"elementor-button-text\">Contactar<\/span>\n\t\t\t\t\t<\/span>\n\t\t\t\t\t<\/a>\n\t\t\t\t<\/div>\n\t\t\t\t\t\t\t\t<\/div>\n\t\t\t\t<\/div>\n\t\t\t\t\t<\/div>\n\t\t<\/div>\n\t\t\t\t\t<\/div>\n\t\t<\/section>\n\t\t\t\t<\/div>","protected":false},"excerpt":{"rendered":"<p>Fincas aba Seguros para negocios Para el negocio Seguro para negocios y comercios Con asistencia las 24 horas y cobertura de p\u00e9rdida de beneficios: si te ves obligado a cerrar como consecuencia de un siniestro de daremos una paga hasta 12 meses para que puedas mantener tus ingresos. \u00a0 Para las responsabilidades Seguro de Responsabilidad [&hellip;]<\/p>\n","protected":false},"author":2,"featured_media":0,"parent":0,"menu_order":0,"comment_status":"closed","ping_status":"closed","template":"","meta":{"footnotes":""},"class_list":["post-8735","page","type-page","status-publish","hentry"],"yoast_head":"<!-- This site is optimized with the Yoast SEO plugin v27.4 - https:\/\/yoast.com\/product\/yoast-seo-wordpress\/ -->\n<title>Seguros de salud - fincasaba.com<\/title>\n<meta name=\"robots\" content=\"index, follow, max-snippet:-1, max-image-preview:large, max-video-preview:-1\" \/>\n<link rel=\"canonical\" href=\"https:\/\/fincasaba.com\/ca\/seguros-de-salud\/\" \/>\n<meta property=\"og:locale\" content=\"ca_ES\" \/>\n<meta property=\"og:type\" content=\"article\" \/>\n<meta property=\"og:title\" content=\"Seguros de salud - fincasaba.com\" \/>\n<meta property=\"og:description\" content=\"Fincas aba Seguros para negocios Para el negocio Seguro para negocios y comercios Con asistencia las 24 horas y cobertura de p\u00e9rdida de beneficios: si te ves obligado a cerrar como consecuencia de un siniestro de daremos una paga hasta 12 meses para que puedas mantener tus ingresos. \u00a0 Para las responsabilidades Seguro de Responsabilidad [&hellip;]\" \/>\n<meta property=\"og:url\" content=\"https:\/\/fincasaba.com\/ca\/seguros-de-salud\/\" \/>\n<meta property=\"og:site_name\" content=\"fincasaba.com\" \/>\n<meta property=\"article:publisher\" content=\"https:\/\/www.facebook.com\/profile.php?id=100057446426721\" \/>\n<meta property=\"article:modified_time\" content=\"2022-10-10T16:14:54+00:00\" \/>\n<meta property=\"og:image\" content=\"https:\/\/fincasaba.com\/wp-content\/uploads\/2022\/09\/financiamiento-300x200.jpeg\" \/>\n<meta name=\"twitter:card\" content=\"summary_large_image\" \/>\n<meta name=\"twitter:label1\" content=\"Temps estimat de lectura\" \/>\n\t<meta name=\"twitter:data1\" content=\"1 minut\" \/>\n<script type=\"application\/ld+json\" class=\"yoast-schema-graph\">{\"@context\":\"https:\\\/\\\/schema.org\",\"@graph\":[{\"@type\":\"WebPage\",\"@id\":\"https:\\\/\\\/fincasaba.com\\\/seguros-de-salud\\\/\",\"url\":\"https:\\\/\\\/fincasaba.com\\\/seguros-de-salud\\\/\",\"name\":\"Seguros de salud - fincasaba.com\",\"isPartOf\":{\"@id\":\"https:\\\/\\\/fincasaba.com\\\/#website\"},\"primaryImageOfPage\":{\"@id\":\"https:\\\/\\\/fincasaba.com\\\/seguros-de-salud\\\/#primaryimage\"},\"image\":{\"@id\":\"https:\\\/\\\/fincasaba.com\\\/seguros-de-salud\\\/#primaryimage\"},\"thumbnailUrl\":\"https:\\\/\\\/fincasaba.com\\\/wp-content\\\/uploads\\\/2022\\\/09\\\/financiamiento-300x200.jpeg\",\"datePublished\":\"2022-10-03T09:08:19+00:00\",\"dateModified\":\"2022-10-10T16:14:54+00:00\",\"breadcrumb\":{\"@id\":\"https:\\\/\\\/fincasaba.com\\\/seguros-de-salud\\\/#breadcrumb\"},\"inLanguage\":\"ca\",\"potentialAction\":[{\"@type\":\"ReadAction\",\"target\":[\"https:\\\/\\\/fincasaba.com\\\/seguros-de-salud\\\/\"]}]},{\"@type\":\"ImageObject\",\"inLanguage\":\"ca\",\"@id\":\"https:\\\/\\\/fincasaba.com\\\/seguros-de-salud\\\/#primaryimage\",\"url\":\"https:\\\/\\\/fincasaba.com\\\/wp-content\\\/uploads\\\/2022\\\/09\\\/financiamiento-300x200.jpeg\",\"contentUrl\":\"https:\\\/\\\/fincasaba.com\\\/wp-content\\\/uploads\\\/2022\\\/09\\\/financiamiento-300x200.jpeg\"},{\"@type\":\"BreadcrumbList\",\"@id\":\"https:\\\/\\\/fincasaba.com\\\/seguros-de-salud\\\/#breadcrumb\",\"itemListElement\":[{\"@type\":\"ListItem\",\"position\":1,\"name\":\"Portada\",\"item\":\"https:\\\/\\\/fincasaba.com\\\/\"},{\"@type\":\"ListItem\",\"position\":2,\"name\":\"Seguros de salud\"}]},{\"@type\":\"WebSite\",\"@id\":\"https:\\\/\\\/fincasaba.com\\\/#website\",\"url\":\"https:\\\/\\\/fincasaba.com\\\/\",\"name\":\"Inmobilliaria en Tarragona Fincas ABA - administradores de comunidades\",\"description\":\"Inmobiliaria especializada en administraci\u00f3n de comunidades y fincas en Tarragona\",\"publisher\":{\"@id\":\"https:\\\/\\\/fincasaba.com\\\/#organization\"},\"alternateName\":\"Fincas ABA\",\"potentialAction\":[{\"@type\":\"SearchAction\",\"target\":{\"@type\":\"EntryPoint\",\"urlTemplate\":\"https:\\\/\\\/fincasaba.com\\\/?s={search_term_string}\"},\"query-input\":{\"@type\":\"PropertyValueSpecification\",\"valueRequired\":true,\"valueName\":\"search_term_string\"}}],\"inLanguage\":\"ca\"},{\"@type\":\"Organization\",\"@id\":\"https:\\\/\\\/fincasaba.com\\\/#organization\",\"name\":\"Inmobiliaria Fincas ABA - expertos en administraci\u00f3n de comunidades\",\"alternateName\":\"Fincas ABA\",\"url\":\"https:\\\/\\\/fincasaba.com\\\/\",\"logo\":{\"@type\":\"ImageObject\",\"inLanguage\":\"ca\",\"@id\":\"https:\\\/\\\/fincasaba.com\\\/#\\\/schema\\\/logo\\\/image\\\/\",\"url\":\"https:\\\/\\\/fincasaba.com\\\/wp-content\\\/uploads\\\/2022\\\/09\\\/logo-fincasaba-1-235x214.jpg\",\"contentUrl\":\"https:\\\/\\\/fincasaba.com\\\/wp-content\\\/uploads\\\/2022\\\/09\\\/logo-fincasaba-1-235x214.jpg\",\"width\":235,\"height\":214,\"caption\":\"Inmobiliaria Fincas ABA - expertos en administraci\u00f3n de comunidades\"},\"image\":{\"@id\":\"https:\\\/\\\/fincasaba.com\\\/#\\\/schema\\\/logo\\\/image\\\/\"},\"sameAs\":[\"https:\\\/\\\/www.facebook.com\\\/profile.php?id=100057446426721\"]}]}<\/script>\n<!-- \/ Yoast SEO plugin. -->","yoast_head_json":{"title":"Seguros de salud - fincasaba.com","robots":{"index":"index","follow":"follow","max-snippet":"max-snippet:-1","max-image-preview":"max-image-preview:large","max-video-preview":"max-video-preview:-1"},"canonical":"https:\/\/fincasaba.com\/ca\/seguros-de-salud\/","og_locale":"ca_ES","og_type":"article","og_title":"Seguros de salud - fincasaba.com","og_description":"Fincas aba Seguros para negocios Para el negocio Seguro para negocios y comercios Con asistencia las 24 horas y cobertura de p\u00e9rdida de beneficios: si te ves obligado a cerrar como consecuencia de un siniestro de daremos una paga hasta 12 meses para que puedas mantener tus ingresos. \u00a0 Para las responsabilidades Seguro de Responsabilidad [&hellip;]","og_url":"https:\/\/fincasaba.com\/ca\/seguros-de-salud\/","og_site_name":"fincasaba.com","article_publisher":"https:\/\/www.facebook.com\/profile.php?id=100057446426721","article_modified_time":"2022-10-10T16:14:54+00:00","og_image":[{"url":"https:\/\/fincasaba.com\/wp-content\/uploads\/2022\/09\/financiamiento-300x200.jpeg","type":"","width":"","height":""}],"twitter_card":"summary_large_image","twitter_misc":{"Temps estimat de lectura":"1 minut"},"schema":{"@context":"https:\/\/schema.org","@graph":[{"@type":"WebPage","@id":"https:\/\/fincasaba.com\/seguros-de-salud\/","url":"https:\/\/fincasaba.com\/seguros-de-salud\/","name":"Seguros de salud - fincasaba.com","isPartOf":{"@id":"https:\/\/fincasaba.com\/#website"},"primaryImageOfPage":{"@id":"https:\/\/fincasaba.com\/seguros-de-salud\/#primaryimage"},"image":{"@id":"https:\/\/fincasaba.com\/seguros-de-salud\/#primaryimage"},"thumbnailUrl":"https:\/\/fincasaba.com\/wp-content\/uploads\/2022\/09\/financiamiento-300x200.jpeg","datePublished":"2022-10-03T09:08:19+00:00","dateModified":"2022-10-10T16:14:54+00:00","breadcrumb":{"@id":"https:\/\/fincasaba.com\/seguros-de-salud\/#breadcrumb"},"inLanguage":"ca","potentialAction":[{"@type":"ReadAction","target":["https:\/\/fincasaba.com\/seguros-de-salud\/"]}]},{"@type":"ImageObject","inLanguage":"ca","@id":"https:\/\/fincasaba.com\/seguros-de-salud\/#primaryimage","url":"https:\/\/fincasaba.com\/wp-content\/uploads\/2022\/09\/financiamiento-300x200.jpeg","contentUrl":"https:\/\/fincasaba.com\/wp-content\/uploads\/2022\/09\/financiamiento-300x200.jpeg"},{"@type":"BreadcrumbList","@id":"https:\/\/fincasaba.com\/seguros-de-salud\/#breadcrumb","itemListElement":[{"@type":"ListItem","position":1,"name":"Portada","item":"https:\/\/fincasaba.com\/"},{"@type":"ListItem","position":2,"name":"Seguros de salud"}]},{"@type":"WebSite","@id":"https:\/\/fincasaba.com\/#website","url":"https:\/\/fincasaba.com\/","name":"Inmobilliaria en Tarragona Fincas ABA - administradores de comunidades","description":"Inmobiliaria especializada en administraci\u00f3n de comunidades y fincas en Tarragona","publisher":{"@id":"https:\/\/fincasaba.com\/#organization"},"alternateName":"Fincas ABA","potentialAction":[{"@type":"SearchAction","target":{"@type":"EntryPoint","urlTemplate":"https:\/\/fincasaba.com\/?s={search_term_string}"},"query-input":{"@type":"PropertyValueSpecification","valueRequired":true,"valueName":"search_term_string"}}],"inLanguage":"ca"},{"@type":"Organization","@id":"https:\/\/fincasaba.com\/#organization","name":"Inmobiliaria Fincas ABA - expertos en administraci\u00f3n de comunidades","alternateName":"Fincas ABA","url":"https:\/\/fincasaba.com\/","logo":{"@type":"ImageObject","inLanguage":"ca","@id":"https:\/\/fincasaba.com\/#\/schema\/logo\/image\/","url":"https:\/\/fincasaba.com\/wp-content\/uploads\/2022\/09\/logo-fincasaba-1-235x214.jpg","contentUrl":"https:\/\/fincasaba.com\/wp-content\/uploads\/2022\/09\/logo-fincasaba-1-235x214.jpg","width":235,"height":214,"caption":"Inmobiliaria Fincas ABA - expertos en administraci\u00f3n de comunidades"},"image":{"@id":"https:\/\/fincasaba.com\/#\/schema\/logo\/image\/"},"sameAs":["https:\/\/www.facebook.com\/profile.php?id=100057446426721"]}]}},"_links":{"self":[{"href":"https:\/\/fincasaba.com\/ca\/wp-json\/wp\/v2\/pages\/8735","targetHints":{"allow":["GET"]}}],"collection":[{"href":"https:\/\/fincasaba.com\/ca\/wp-json\/wp\/v2\/pages"}],"about":[{"href":"https:\/\/fincasaba.com\/ca\/wp-json\/wp\/v2\/types\/page"}],"author":[{"embeddable":true,"href":"https:\/\/fincasaba.com\/ca\/wp-json\/wp\/v2\/users\/2"}],"replies":[{"embeddable":true,"href":"https:\/\/fincasaba.com\/ca\/wp-json\/wp\/v2\/comments?post=8735"}],"version-history":[{"count":26,"href":"https:\/\/fincasaba.com\/ca\/wp-json\/wp\/v2\/pages\/8735\/revisions"}],"predecessor-version":[{"id":8969,"href":"https:\/\/fincasaba.com\/ca\/wp-json\/wp\/v2\/pages\/8735\/revisions\/8969"}],"wp:attachment":[{"href":"https:\/\/fincasaba.com\/ca\/wp-json\/wp\/v2\/media?parent=8735"}],"curies":[{"name":"wp","href":"https:\/\/api.w.org\/{rel}","templated":true}]}}