{"id":8743,"date":"2022-10-03T09:17:41","date_gmt":"2022-10-03T09:17:41","guid":{"rendered":"https:\/\/fincasaba.com\/?page_id=8743"},"modified":"2022-10-20T08:21:20","modified_gmt":"2022-10-20T08:21:20","slug":"seguros-de-decesos","status":"publish","type":"page","link":"https:\/\/fincasaba.com\/ca\/seguros-de-decesos\/","title":{"rendered":"Assegurances de decessos"},"content":{"rendered":"<div data-elementor-type=\"wp-page\" data-elementor-id=\"8743\" class=\"elementor elementor-8743\">\n\t\t\t\t\t\t<section class=\"elementor-section elementor-top-section elementor-element elementor-element-f8e3835 elementor-section-height-full elementor-section-boxed elementor-section-height-default elementor-section-items-middle\" data-id=\"f8e3835\" data-element_type=\"section\" data-e-type=\"section\" data-settings=\"{&quot;background_background&quot;:&quot;classic&quot;}\">\n\t\t\t\t\t\t\t<div class=\"elementor-background-overlay\"><\/div>\n\t\t\t\t\t\t\t<div class=\"elementor-container elementor-column-gap-default\">\n\t\t\t\t\t<div class=\"elementor-column elementor-col-100 elementor-top-column elementor-element elementor-element-ba4dbe0 stretch-to-none\" data-id=\"ba4dbe0\" data-element_type=\"column\" data-e-type=\"column\">\n\t\t\t<div class=\"elementor-widget-wrap elementor-element-populated\">\n\t\t\t\t\t\t<div class=\"elementor-element elementor-element-06d38e8 elementor-widget elementor-widget-heading\" data-id=\"06d38e8\" data-element_type=\"widget\" data-e-type=\"widget\" data-widget_type=\"heading.default\">\n\t\t\t\t<div class=\"elementor-widget-container\">\n\t\t\t\t\t<div class=\"elementor-heading-title elementor-size-default\"><a href=\"https:\/\/fincasaba.com\/ca\/inmobiliaria-en-tarragona\/\">Fincas aba<\/a><\/div>\t\t\t\t<\/div>\n\t\t\t\t<\/div>\n\t\t\t\t<section class=\"elementor-section elementor-inner-section elementor-element elementor-element-1cfca54 elementor-section-boxed elementor-section-height-default elementor-section-height-default\" data-id=\"1cfca54\" data-element_type=\"section\" data-e-type=\"section\">\n\t\t\t\t\t\t<div class=\"elementor-container elementor-column-gap-default\">\n\t\t\t\t\t<div class=\"elementor-column elementor-col-100 elementor-inner-column elementor-element elementor-element-a172dd7 stretch-to-none\" data-id=\"a172dd7\" data-element_type=\"column\" data-e-type=\"column\">\n\t\t\t<div class=\"elementor-widget-wrap elementor-element-populated\">\n\t\t\t\t\t\t<div class=\"elementor-element elementor-element-3753bb1 elementor-widget elementor-widget-heading\" data-id=\"3753bb1\" data-element_type=\"widget\" data-e-type=\"widget\" data-widget_type=\"heading.default\">\n\t\t\t\t<div class=\"elementor-widget-container\">\n\t\t\t\t\t<h1 class=\"elementor-heading-title elementor-size-default\">Assegurances de decessos<\/h1>\t\t\t\t<\/div>\n\t\t\t\t<\/div>\n\t\t\t\t\t<\/div>\n\t\t<\/div>\n\t\t\t\t\t<\/div>\n\t\t<\/section>\n\t\t\t\t\t<\/div>\n\t\t<\/div>\n\t\t\t\t\t<\/div>\n\t\t<\/section>\n\t\t\t\t<section class=\"elementor-section elementor-top-section elementor-element elementor-element-071f137 elementor-section-boxed elementor-section-height-default elementor-section-height-default\" data-id=\"071f137\" data-element_type=\"section\" data-e-type=\"section\">\n\t\t\t\t\t\t<div class=\"elementor-container elementor-column-gap-default\">\n\t\t\t\t\t<div class=\"elementor-column elementor-col-100 elementor-top-column elementor-element elementor-element-ccfe317 stretch-to-none\" data-id=\"ccfe317\" data-element_type=\"column\" data-e-type=\"column\">\n\t\t\t<div class=\"elementor-widget-wrap elementor-element-populated\">\n\t\t\t\t\t\t<div class=\"elementor-element elementor-element-2945cc6 elementor-widget elementor-widget-text-editor\" data-id=\"2945cc6\" data-element_type=\"widget\" data-e-type=\"widget\" data-widget_type=\"text-editor.default\">\n\t\t\t\t<div class=\"elementor-widget-container\">\n\t\t\t\t\t\t\t\t\t<h3><img fetchpriority=\"high\" decoding=\"async\" class=\"size-medium wp-image-8866 alignleft\" src=\"https:\/\/fincasaba.com\/wp-content\/uploads\/2022\/10\/seguros-decesos-300x300.png\" alt=\"\" width=\"300\" height=\"300\" srcset=\"https:\/\/fincasaba.com\/wp-content\/uploads\/2022\/10\/seguros-decesos-300x300.png 300w, https:\/\/fincasaba.com\/wp-content\/uploads\/2022\/10\/seguros-decesos-1024x1024.png 1024w, https:\/\/fincasaba.com\/wp-content\/uploads\/2022\/10\/seguros-decesos-150x150.png 150w, https:\/\/fincasaba.com\/wp-content\/uploads\/2022\/10\/seguros-decesos-768x768.png 768w, https:\/\/fincasaba.com\/wp-content\/uploads\/2022\/10\/seguros-decesos-760x760.png 760w, https:\/\/fincasaba.com\/wp-content\/uploads\/2022\/10\/seguros-decesos-101x101.png 101w, https:\/\/fincasaba.com\/wp-content\/uploads\/2022\/10\/seguros-decesos-510x510.png 510w, https:\/\/fincasaba.com\/wp-content\/uploads\/2022\/10\/seguros-decesos.png 1339w\" sizes=\"(max-width: 300px) 100vw, 300px\" \/>Qu\u00e8 \u00e9s una asseguran\u00e7a de decessos?<\/h3>\n<p>Una asseguran\u00e7a de decessos ajuda les fam\u00edlies en els moments m\u00e9s delicats. D'una banda,&nbsp;<strong>cobreix les despeses associades a la mort<\/strong>. Cada assegurat t\u00e9 un capital assegurat que indica els diners que cobreixen la seva p\u00f2lissa en el moment de la mort. A m\u00e9s, ofereix suport a la fam\u00edlia per&nbsp;<strong>gestionar tr\u00e0mits<\/strong>&nbsp;relacionats amb aquest esdeveniment: pensions, seguretat social, her\u00e8ncies, llibre de fam\u00edlia, etc.<\/p>\n<p>Por otra parte, te ofrece <strong>cobertures que gaudir\u00e0s des del primer dia<\/strong>&nbsp;com a assist\u00e8ncia en viatge o, entre d'altres, advocat de fam\u00edlia.<\/p>\n<h3>&nbsp;<\/h3>\n<h3>Quina difer\u00e8ncia hi ha<img decoding=\"async\" class=\"size-medium wp-image-8870 alignright lazyload\" data-src=\"https:\/\/fincasaba.com\/wp-content\/uploads\/2022\/10\/decesos-covid-300x300.jpg\" alt=\"\" width=\"300\" height=\"300\" data-srcset=\"https:\/\/fincasaba.com\/wp-content\/uploads\/2022\/10\/decesos-covid-300x300.jpg 300w, https:\/\/fincasaba.com\/wp-content\/uploads\/2022\/10\/decesos-covid-150x150.jpg 150w, https:\/\/fincasaba.com\/wp-content\/uploads\/2022\/10\/decesos-covid-101x101.jpg 101w, https:\/\/fincasaba.com\/wp-content\/uploads\/2022\/10\/decesos-covid.jpg 420w\" data-sizes=\"(max-width: 300px) 100vw, 300px\" src=\"data:image\/svg+xml;base64,PHN2ZyB3aWR0aD0iMSIgaGVpZ2h0PSIxIiB4bWxucz0iaHR0cDovL3d3dy53My5vcmcvMjAwMC9zdmciPjwvc3ZnPg==\" style=\"--smush-placeholder-width: 300px; --smush-placeholder-aspect-ratio: 300\/300;\" \/> entre una asseguran\u00e7a de decessos i una de vida?<\/h3>\n<p>Les dues p\u00f2lisses cobreixen un mateix risc: la mort de l?assegurat. De la mateixa manera, totes dues assegurances s'activen quan passa aquest succ\u00e9s.<\/p>\n<p>La principal diferencia entre ambos es que el seguro de decesos cubre los gastos asociados al fallecimiento como el traslado, la incineraci\u00f3n o el tanatorio y ofrece apoyo a la familia durante el proceso, mientras que el&nbsp;seguro de vida&nbsp;proporciona una compensaci\u00f3n econ\u00f3mica a los beneficiarios de la p\u00f3liza cuando el asegurado fallece.<\/p>\n<h3>Per qu\u00e8 he de tenir una asseguran\u00e7a de decessos?<\/h3>\n<p>Perqu\u00e8 \u00e9s una font de tranquil\u00b7litat. Acompanyar\u00e0 la teva fam\u00edlia en tot moment i cobrir\u00e0 els imprevistos durant la mort.<\/p>\n<p>A m\u00e9s, compta amb altres avantatges. Podeu oferir suport en les tasques dom\u00e8stiques o amb els vostres fills, aix\u00ed com un subsidi en cas d'accident o malaltia. Tamb\u00e9 comptar\u00e0s amb ajuda en tots els viatges, descomptes en metges i atenci\u00f3 m\u00e8dica telef\u00f2nica, aix\u00ed com serveis dentals gratu\u00efts.<\/p>\n<p>En resum, la nostra asseguran\u00e7a solucionar\u00e0 molts dels imprevistos que es presenten al llarg de la vida amb un servei de qualitat acreditada. Aprofitar\u00e0s els seus beneficis moltes vegades de les que pensaves.<\/p>\n<h3>Com es fa el servei en cas de mort?<\/h3>\n<p>Nuestro seguro de defunci\u00f3n ayudar\u00e1 a tu familia desde el primer momento y con la m\u00e1xima calidad. Los agentes telef\u00f3nicos de Fincas ABA son profesionales cualificados. Atender\u00e1n a los tuyos con la delicadeza necesaria desde nuestro propio call center y de forma inmediata, sin desv\u00edo de llamadas ni marcaci\u00f3n de datos en el tel\u00e9fono. El agente asignado tomar\u00e1 los datos del asegurado y enviar\u00e1 al agente de asistencia m\u00e1s cercano.<\/p>\n<p>L'agent d'assist\u00e8ncia iniciar\u00e0 tots els tr\u00e0mits per donar suport a la fam\u00edlia amb l'elecci\u00f3 del tanatori, els trasllats i l'elecci\u00f3 del tipus de funeral, entre d'altres serveis. Es far\u00e0 c\u00e0rrec de tots els pagaments i costos inclosos a la p\u00f2lissa perqu\u00e8 els teus no s'hagin de preocupar per res.<\/p>\n<p>M\u00e9s endavant, ens posarem en contacte amb la fam\u00edlia per comprovar la qualitat del servei, ajudar en els tr\u00e0mits posteriors a la mort i proposar els serveis d'un advocat de fam\u00edlia de la nostra companyia asseguradora.<\/p>\t\t\t\t\t\t\t\t<\/div>\n\t\t\t\t<\/div>\n\t\t\t\t\t<\/div>\n\t\t<\/div>\n\t\t\t\t\t<\/div>\n\t\t<\/section>\n\t\t\t\t<section class=\"elementor-section elementor-top-section elementor-element elementor-element-bfef446 elementor-section-content-middle elementor-section-boxed elementor-section-height-default elementor-section-height-default\" data-id=\"bfef446\" data-element_type=\"section\" data-e-type=\"section\" data-settings=\"{&quot;background_background&quot;:&quot;classic&quot;}\">\n\t\t\t\t\t\t<div class=\"elementor-container elementor-column-gap-default\">\n\t\t\t\t\t<div class=\"elementor-column elementor-col-50 elementor-top-column elementor-element elementor-element-da8617b stretch-to-none\" data-id=\"da8617b\" data-element_type=\"column\" data-e-type=\"column\">\n\t\t\t<div class=\"elementor-widget-wrap elementor-element-populated\">\n\t\t\t\t\t\t<div class=\"elementor-element elementor-element-cb5d8f5 elementor-widget elementor-widget-text-editor\" data-id=\"cb5d8f5\" data-element_type=\"widget\" data-e-type=\"widget\" data-widget_type=\"text-editor.default\">\n\t\t\t\t<div class=\"elementor-widget-container\">\n\t\t\t\t\t\t\t\t\t<p style=\"margin-bottom: 0; letter-spacing: -0.2px;\"><span class=\"hidden-outside-business-hours-JS\"><span style=\"color: #ffffff;\"><span style=\"font-size: 42px;\">DEMANA JA EL TEU PRESSUPOST!<\/span><\/span><\/span><\/p>\t\t\t\t\t\t\t\t<\/div>\n\t\t\t\t<\/div>\n\t\t\t\t\t<\/div>\n\t\t<\/div>\n\t\t\t\t<div class=\"elementor-column elementor-col-50 elementor-top-column elementor-element elementor-element-e3cae5e stretch-to-none\" data-id=\"e3cae5e\" data-element_type=\"column\" data-e-type=\"column\">\n\t\t\t<div class=\"elementor-widget-wrap elementor-element-populated\">\n\t\t\t\t\t\t<div class=\"elementor-element elementor-element-9ed04b6 elementor-align-right elementor-tablet-align-center elementor-widget elementor-widget-button\" data-id=\"9ed04b6\" data-element_type=\"widget\" data-e-type=\"widget\" data-widget_type=\"button.default\">\n\t\t\t\t<div class=\"elementor-widget-container\">\n\t\t\t\t\t\t\t\t\t<div class=\"elementor-button-wrapper\">\n\t\t\t\t\t<a class=\"elementor-button elementor-button-link elementor-size-sm\" href=\"https:\/\/fincasaba.com\/ca\/contact-us\/\">\n\t\t\t\t\t\t<span class=\"elementor-button-content-wrapper\">\n\t\t\t\t\t\t<span class=\"elementor-button-icon\">\n\t\t\t\t<i aria-hidden=\"true\" class=\"fasproperty-icon-user-1\"><\/i>\t\t\t<\/span>\n\t\t\t\t\t\t\t\t\t<span class=\"elementor-button-text\">Contactar<\/span>\n\t\t\t\t\t<\/span>\n\t\t\t\t\t<\/a>\n\t\t\t\t<\/div>\n\t\t\t\t\t\t\t\t<\/div>\n\t\t\t\t<\/div>\n\t\t\t\t\t<\/div>\n\t\t<\/div>\n\t\t\t\t\t<\/div>\n\t\t<\/section>\n\t\t\t\t<\/div>","protected":false},"excerpt":{"rendered":"<p>Fincas aba Seguros de decesos \u00bfQu\u00e9 es un seguro de decesos? Un seguro de decesos ayuda a las familias en los momentos m\u00e1s delicados. Por un lado,&nbsp;cubre los gastos asociados al fallecimiento. Cada asegurado tiene un capital asegurado que indica el dinero que cubre su p\u00f3liza en el momento del fallecimiento. Adem\u00e1s, ofrece apoyo a [&hellip;]<\/p>\n","protected":false},"author":2,"featured_media":0,"parent":0,"menu_order":0,"comment_status":"closed","ping_status":"closed","template":"","meta":{"footnotes":""},"class_list":["post-8743","page","type-page","status-publish","hentry"],"yoast_head":"<!-- This site is optimized with the Yoast SEO plugin v27.4 - https:\/\/yoast.com\/product\/yoast-seo-wordpress\/ -->\n<title>Seguros de decesos - fincasaba.com<\/title>\n<meta name=\"robots\" content=\"index, follow, max-snippet:-1, max-image-preview:large, max-video-preview:-1\" \/>\n<link rel=\"canonical\" href=\"https:\/\/fincasaba.com\/ca\/seguros-de-decesos\/\" \/>\n<meta property=\"og:locale\" content=\"ca_ES\" \/>\n<meta property=\"og:type\" content=\"article\" \/>\n<meta property=\"og:title\" content=\"Seguros de decesos - fincasaba.com\" \/>\n<meta property=\"og:description\" content=\"Fincas aba Seguros de decesos \u00bfQu\u00e9 es un seguro de decesos? Un seguro de decesos ayuda a las familias en los momentos m\u00e1s delicados. Por un lado,&nbsp;cubre los gastos asociados al fallecimiento. Cada asegurado tiene un capital asegurado que indica el dinero que cubre su p\u00f3liza en el momento del fallecimiento. Adem\u00e1s, ofrece apoyo a [&hellip;]\" \/>\n<meta property=\"og:url\" content=\"https:\/\/fincasaba.com\/ca\/seguros-de-decesos\/\" \/>\n<meta property=\"og:site_name\" content=\"fincasaba.com\" \/>\n<meta property=\"article:publisher\" content=\"https:\/\/www.facebook.com\/profile.php?id=100057446426721\" \/>\n<meta property=\"article:modified_time\" content=\"2022-10-20T08:21:20+00:00\" \/>\n<meta property=\"og:image\" content=\"https:\/\/fincasaba.com\/wp-content\/uploads\/2022\/10\/seguros-decesos-300x300.png\" \/>\n<meta name=\"twitter:card\" content=\"summary_large_image\" \/>\n<meta name=\"twitter:label1\" content=\"Temps estimat de lectura\" \/>\n\t<meta name=\"twitter:data1\" content=\"3 minuts\" \/>\n<script type=\"application\/ld+json\" class=\"yoast-schema-graph\">{\"@context\":\"https:\\\/\\\/schema.org\",\"@graph\":[{\"@type\":\"WebPage\",\"@id\":\"https:\\\/\\\/fincasaba.com\\\/seguros-de-decesos\\\/\",\"url\":\"https:\\\/\\\/fincasaba.com\\\/seguros-de-decesos\\\/\",\"name\":\"Seguros de decesos - fincasaba.com\",\"isPartOf\":{\"@id\":\"https:\\\/\\\/fincasaba.com\\\/#website\"},\"primaryImageOfPage\":{\"@id\":\"https:\\\/\\\/fincasaba.com\\\/seguros-de-decesos\\\/#primaryimage\"},\"image\":{\"@id\":\"https:\\\/\\\/fincasaba.com\\\/seguros-de-decesos\\\/#primaryimage\"},\"thumbnailUrl\":\"https:\\\/\\\/fincasaba.com\\\/wp-content\\\/uploads\\\/2022\\\/10\\\/seguros-decesos-300x300.png\",\"datePublished\":\"2022-10-03T09:17:41+00:00\",\"dateModified\":\"2022-10-20T08:21:20+00:00\",\"breadcrumb\":{\"@id\":\"https:\\\/\\\/fincasaba.com\\\/seguros-de-decesos\\\/#breadcrumb\"},\"inLanguage\":\"ca\",\"potentialAction\":[{\"@type\":\"ReadAction\",\"target\":[\"https:\\\/\\\/fincasaba.com\\\/seguros-de-decesos\\\/\"]}]},{\"@type\":\"ImageObject\",\"inLanguage\":\"ca\",\"@id\":\"https:\\\/\\\/fincasaba.com\\\/seguros-de-decesos\\\/#primaryimage\",\"url\":\"https:\\\/\\\/fincasaba.com\\\/wp-content\\\/uploads\\\/2022\\\/10\\\/seguros-decesos-300x300.png\",\"contentUrl\":\"https:\\\/\\\/fincasaba.com\\\/wp-content\\\/uploads\\\/2022\\\/10\\\/seguros-decesos-300x300.png\"},{\"@type\":\"BreadcrumbList\",\"@id\":\"https:\\\/\\\/fincasaba.com\\\/seguros-de-decesos\\\/#breadcrumb\",\"itemListElement\":[{\"@type\":\"ListItem\",\"position\":1,\"name\":\"Portada\",\"item\":\"https:\\\/\\\/fincasaba.com\\\/\"},{\"@type\":\"ListItem\",\"position\":2,\"name\":\"Seguros de decesos\"}]},{\"@type\":\"WebSite\",\"@id\":\"https:\\\/\\\/fincasaba.com\\\/#website\",\"url\":\"https:\\\/\\\/fincasaba.com\\\/\",\"name\":\"Inmobilliaria en Tarragona Fincas ABA - administradores de comunidades\",\"description\":\"Inmobiliaria especializada en administraci\u00f3n de comunidades y fincas en Tarragona\",\"publisher\":{\"@id\":\"https:\\\/\\\/fincasaba.com\\\/#organization\"},\"alternateName\":\"Fincas ABA\",\"potentialAction\":[{\"@type\":\"SearchAction\",\"target\":{\"@type\":\"EntryPoint\",\"urlTemplate\":\"https:\\\/\\\/fincasaba.com\\\/?s={search_term_string}\"},\"query-input\":{\"@type\":\"PropertyValueSpecification\",\"valueRequired\":true,\"valueName\":\"search_term_string\"}}],\"inLanguage\":\"ca\"},{\"@type\":\"Organization\",\"@id\":\"https:\\\/\\\/fincasaba.com\\\/#organization\",\"name\":\"Inmobiliaria Fincas ABA - expertos en administraci\u00f3n de comunidades\",\"alternateName\":\"Fincas ABA\",\"url\":\"https:\\\/\\\/fincasaba.com\\\/\",\"logo\":{\"@type\":\"ImageObject\",\"inLanguage\":\"ca\",\"@id\":\"https:\\\/\\\/fincasaba.com\\\/#\\\/schema\\\/logo\\\/image\\\/\",\"url\":\"https:\\\/\\\/fincasaba.com\\\/wp-content\\\/uploads\\\/2022\\\/09\\\/logo-fincasaba-1-235x214.jpg\",\"contentUrl\":\"https:\\\/\\\/fincasaba.com\\\/wp-content\\\/uploads\\\/2022\\\/09\\\/logo-fincasaba-1-235x214.jpg\",\"width\":235,\"height\":214,\"caption\":\"Inmobiliaria Fincas ABA - expertos en administraci\u00f3n de comunidades\"},\"image\":{\"@id\":\"https:\\\/\\\/fincasaba.com\\\/#\\\/schema\\\/logo\\\/image\\\/\"},\"sameAs\":[\"https:\\\/\\\/www.facebook.com\\\/profile.php?id=100057446426721\"]}]}<\/script>\n<!-- \/ Yoast SEO plugin. -->","yoast_head_json":{"title":"Seguros de decesos - fincasaba.com","robots":{"index":"index","follow":"follow","max-snippet":"max-snippet:-1","max-image-preview":"max-image-preview:large","max-video-preview":"max-video-preview:-1"},"canonical":"https:\/\/fincasaba.com\/ca\/seguros-de-decesos\/","og_locale":"ca_ES","og_type":"article","og_title":"Seguros de decesos - fincasaba.com","og_description":"Fincas aba Seguros de decesos \u00bfQu\u00e9 es un seguro de decesos? Un seguro de decesos ayuda a las familias en los momentos m\u00e1s delicados. Por un lado,&nbsp;cubre los gastos asociados al fallecimiento. Cada asegurado tiene un capital asegurado que indica el dinero que cubre su p\u00f3liza en el momento del fallecimiento. Adem\u00e1s, ofrece apoyo a [&hellip;]","og_url":"https:\/\/fincasaba.com\/ca\/seguros-de-decesos\/","og_site_name":"fincasaba.com","article_publisher":"https:\/\/www.facebook.com\/profile.php?id=100057446426721","article_modified_time":"2022-10-20T08:21:20+00:00","og_image":[{"url":"https:\/\/fincasaba.com\/wp-content\/uploads\/2022\/10\/seguros-decesos-300x300.png","type":"","width":"","height":""}],"twitter_card":"summary_large_image","twitter_misc":{"Temps estimat de lectura":"3 minuts"},"schema":{"@context":"https:\/\/schema.org","@graph":[{"@type":"WebPage","@id":"https:\/\/fincasaba.com\/seguros-de-decesos\/","url":"https:\/\/fincasaba.com\/seguros-de-decesos\/","name":"Seguros de decesos - fincasaba.com","isPartOf":{"@id":"https:\/\/fincasaba.com\/#website"},"primaryImageOfPage":{"@id":"https:\/\/fincasaba.com\/seguros-de-decesos\/#primaryimage"},"image":{"@id":"https:\/\/fincasaba.com\/seguros-de-decesos\/#primaryimage"},"thumbnailUrl":"https:\/\/fincasaba.com\/wp-content\/uploads\/2022\/10\/seguros-decesos-300x300.png","datePublished":"2022-10-03T09:17:41+00:00","dateModified":"2022-10-20T08:21:20+00:00","breadcrumb":{"@id":"https:\/\/fincasaba.com\/seguros-de-decesos\/#breadcrumb"},"inLanguage":"ca","potentialAction":[{"@type":"ReadAction","target":["https:\/\/fincasaba.com\/seguros-de-decesos\/"]}]},{"@type":"ImageObject","inLanguage":"ca","@id":"https:\/\/fincasaba.com\/seguros-de-decesos\/#primaryimage","url":"https:\/\/fincasaba.com\/wp-content\/uploads\/2022\/10\/seguros-decesos-300x300.png","contentUrl":"https:\/\/fincasaba.com\/wp-content\/uploads\/2022\/10\/seguros-decesos-300x300.png"},{"@type":"BreadcrumbList","@id":"https:\/\/fincasaba.com\/seguros-de-decesos\/#breadcrumb","itemListElement":[{"@type":"ListItem","position":1,"name":"Portada","item":"https:\/\/fincasaba.com\/"},{"@type":"ListItem","position":2,"name":"Seguros de decesos"}]},{"@type":"WebSite","@id":"https:\/\/fincasaba.com\/#website","url":"https:\/\/fincasaba.com\/","name":"Inmobilliaria en Tarragona Fincas ABA - administradores de comunidades","description":"Inmobiliaria especializada en administraci\u00f3n de comunidades y fincas en Tarragona","publisher":{"@id":"https:\/\/fincasaba.com\/#organization"},"alternateName":"Fincas ABA","potentialAction":[{"@type":"SearchAction","target":{"@type":"EntryPoint","urlTemplate":"https:\/\/fincasaba.com\/?s={search_term_string}"},"query-input":{"@type":"PropertyValueSpecification","valueRequired":true,"valueName":"search_term_string"}}],"inLanguage":"ca"},{"@type":"Organization","@id":"https:\/\/fincasaba.com\/#organization","name":"Inmobiliaria Fincas ABA - expertos en administraci\u00f3n de comunidades","alternateName":"Fincas ABA","url":"https:\/\/fincasaba.com\/","logo":{"@type":"ImageObject","inLanguage":"ca","@id":"https:\/\/fincasaba.com\/#\/schema\/logo\/image\/","url":"https:\/\/fincasaba.com\/wp-content\/uploads\/2022\/09\/logo-fincasaba-1-235x214.jpg","contentUrl":"https:\/\/fincasaba.com\/wp-content\/uploads\/2022\/09\/logo-fincasaba-1-235x214.jpg","width":235,"height":214,"caption":"Inmobiliaria Fincas ABA - expertos en administraci\u00f3n de comunidades"},"image":{"@id":"https:\/\/fincasaba.com\/#\/schema\/logo\/image\/"},"sameAs":["https:\/\/www.facebook.com\/profile.php?id=100057446426721"]}]}},"_links":{"self":[{"href":"https:\/\/fincasaba.com\/ca\/wp-json\/wp\/v2\/pages\/8743","targetHints":{"allow":["GET"]}}],"collection":[{"href":"https:\/\/fincasaba.com\/ca\/wp-json\/wp\/v2\/pages"}],"about":[{"href":"https:\/\/fincasaba.com\/ca\/wp-json\/wp\/v2\/types\/page"}],"author":[{"embeddable":true,"href":"https:\/\/fincasaba.com\/ca\/wp-json\/wp\/v2\/users\/2"}],"replies":[{"embeddable":true,"href":"https:\/\/fincasaba.com\/ca\/wp-json\/wp\/v2\/comments?post=8743"}],"version-history":[{"count":23,"href":"https:\/\/fincasaba.com\/ca\/wp-json\/wp\/v2\/pages\/8743\/revisions"}],"predecessor-version":[{"id":9157,"href":"https:\/\/fincasaba.com\/ca\/wp-json\/wp\/v2\/pages\/8743\/revisions\/9157"}],"wp:attachment":[{"href":"https:\/\/fincasaba.com\/ca\/wp-json\/wp\/v2\/media?parent=8743"}],"curies":[{"name":"wp","href":"https:\/\/api.w.org\/{rel}","templated":true}]}}