{"id":8756,"date":"2022-10-03T10:41:48","date_gmt":"2022-10-03T10:41:48","guid":{"rendered":"https:\/\/fincasaba.com\/?page_id=8756"},"modified":"2022-10-10T16:28:03","modified_gmt":"2022-10-10T16:28:03","slug":"otros-seguros","status":"publish","type":"page","link":"https:\/\/fincasaba.com\/ca\/otros-seguros\/","title":{"rendered":"Otros seguros"},"content":{"rendered":"<div data-elementor-type=\"wp-page\" data-elementor-id=\"8756\" class=\"elementor elementor-8756\">\n\t\t\t\t\t\t<section class=\"elementor-section elementor-top-section elementor-element elementor-element-68a5b89 elementor-section-height-full elementor-section-boxed elementor-section-height-default elementor-section-items-middle\" data-id=\"68a5b89\" data-element_type=\"section\" data-e-type=\"section\" data-settings=\"{&quot;background_background&quot;:&quot;classic&quot;}\">\n\t\t\t\t\t\t\t<div class=\"elementor-background-overlay\"><\/div>\n\t\t\t\t\t\t\t<div class=\"elementor-container elementor-column-gap-default\">\n\t\t\t\t\t<div class=\"elementor-column elementor-col-100 elementor-top-column elementor-element elementor-element-c7b25e9 stretch-to-none\" data-id=\"c7b25e9\" data-element_type=\"column\" data-e-type=\"column\">\n\t\t\t<div class=\"elementor-widget-wrap elementor-element-populated\">\n\t\t\t\t\t\t<div class=\"elementor-element elementor-element-ef3fe08 elementor-widget elementor-widget-heading\" data-id=\"ef3fe08\" data-element_type=\"widget\" data-e-type=\"widget\" data-widget_type=\"heading.default\">\n\t\t\t\t<div class=\"elementor-widget-container\">\n\t\t\t\t\t<div class=\"elementor-heading-title elementor-size-default\"><a href=\"https:\/\/fincasaba.com\/ca\/inmobiliaria-en-tarragona\/\">Fincas aba<\/a><\/div>\t\t\t\t<\/div>\n\t\t\t\t<\/div>\n\t\t\t\t<section class=\"elementor-section elementor-inner-section elementor-element elementor-element-4741fed elementor-section-boxed elementor-section-height-default elementor-section-height-default\" data-id=\"4741fed\" data-element_type=\"section\" data-e-type=\"section\">\n\t\t\t\t\t\t<div class=\"elementor-container elementor-column-gap-default\">\n\t\t\t\t\t<div class=\"elementor-column elementor-col-100 elementor-inner-column elementor-element elementor-element-983c6c6 stretch-to-none\" data-id=\"983c6c6\" data-element_type=\"column\" data-e-type=\"column\">\n\t\t\t<div class=\"elementor-widget-wrap elementor-element-populated\">\n\t\t\t\t\t\t<div class=\"elementor-element elementor-element-2435cbf elementor-widget elementor-widget-heading\" data-id=\"2435cbf\" data-element_type=\"widget\" data-e-type=\"widget\" data-widget_type=\"heading.default\">\n\t\t\t\t<div class=\"elementor-widget-container\">\n\t\t\t\t\t<h1 class=\"elementor-heading-title elementor-size-default\">Assegurances per a lloguers<\/h1>\t\t\t\t<\/div>\n\t\t\t\t<\/div>\n\t\t\t\t\t<\/div>\n\t\t<\/div>\n\t\t\t\t\t<\/div>\n\t\t<\/section>\n\t\t\t\t\t<\/div>\n\t\t<\/div>\n\t\t\t\t\t<\/div>\n\t\t<\/section>\n\t\t\t\t<section class=\"elementor-section elementor-top-section elementor-element elementor-element-4e0190f elementor-section-boxed elementor-section-height-default elementor-section-height-default\" data-id=\"4e0190f\" data-element_type=\"section\" data-e-type=\"section\">\n\t\t\t\t\t\t<div class=\"elementor-container elementor-column-gap-default\">\n\t\t\t\t\t<div class=\"elementor-column elementor-col-100 elementor-top-column elementor-element elementor-element-930a209 stretch-to-none\" data-id=\"930a209\" data-element_type=\"column\" data-e-type=\"column\">\n\t\t\t<div class=\"elementor-widget-wrap elementor-element-populated\">\n\t\t\t\t\t\t<div class=\"elementor-element elementor-element-c4163bb elementor-widget elementor-widget-text-editor\" data-id=\"c4163bb\" data-element_type=\"widget\" data-e-type=\"widget\" data-widget_type=\"text-editor.default\">\n\t\t\t\t<div class=\"elementor-widget-container\">\n\t\t\t\t\t\t\t\t\t<h2 class=\"azul\"><img fetchpriority=\"high\" decoding=\"async\" class=\"size-medium wp-image-8862 alignleft\" src=\"https:\/\/fincasaba.com\/wp-content\/uploads\/2022\/10\/seguro-salud-familia-300x200.jpg\" alt=\"\" width=\"300\" height=\"200\" srcset=\"https:\/\/fincasaba.com\/wp-content\/uploads\/2022\/10\/seguro-salud-familia-300x200.jpg 300w, https:\/\/fincasaba.com\/wp-content\/uploads\/2022\/10\/seguro-salud-familia-1024x683.jpg 1024w, https:\/\/fincasaba.com\/wp-content\/uploads\/2022\/10\/seguro-salud-familia-768x512.jpg 768w, https:\/\/fincasaba.com\/wp-content\/uploads\/2022\/10\/seguro-salud-familia-760x510.jpg 760w, https:\/\/fincasaba.com\/wp-content\/uploads\/2022\/10\/seguro-salud-familia.jpg 1200w\" sizes=\"(max-width: 300px) 100vw, 300px\" \/>La teva seguretat el nostre comprom\u00eds<\/h2><p>Si\u00a0<strong>vols llogar el teu pis\u00a0<\/strong>i\u00a0<strong>garantir el pagament de les mensualitats<\/strong>\u00a0dels llogaters, aquest \u00e9s la teva millor asseguran\u00e7a. Oblida't dels possibles problemes perqu\u00e8 els nostres advocats estaran al teu costat per reclamar i defensar els teus drets com\u00a0<strong>propietari<\/strong>.\u00a0<\/p><h2>Cobertures obligat\u00f2ries<\/h2><div class=\"et_pb_text_inner\"><ul><li><strong>Impagament de lloguers<\/strong><ul><li>Protegeix el propietari de la vivenda llogada incloent fins a 12 mesos d'impagament de la renda.<\/li><\/ul><\/li><li><strong>Defensa jur\u00eddica de l'arrendador<\/strong><ul><li>L'asseguran\u00e7a Protecci\u00f3 Lloguer cobreix la defensa jur\u00eddica de l'arrendador davant de conflictes derivats del contracte, incl\u00f2s el desnonament, la reclamaci\u00f3 de danys i perjudicis, defensa penal de l'arrendador i actuacions i honoraris professionals, cadascuna de les garanties fins a un l\u00edmit de 3.000 euros. Tamb\u00e9 ofereix a l'assegurat un servei telef\u00f2nic d'orientaci\u00f3 jur\u00eddica.<\/li><\/ul><\/li><li><strong>Danys materials<\/strong><ul><li>Garanteix una indemnitzaci\u00f3 per actes vand\u00e0lics ocasionats per l'inquil\u00ed.<\/li><\/ul><\/li><li><strong>Assist\u00e8ncia a la llar<\/strong><ul><li>Inclou les reparacions urgents aix\u00ed com els serveis de connexi\u00f3 amb professionals.<\/li><\/ul><\/li><\/ul><p>\u00a0<\/p><h4 style=\"text-align: center;\">Avantatges de les nostres assegurances per a comunitats<\/h4><\/div>\t\t\t\t\t\t\t\t<\/div>\n\t\t\t\t<\/div>\n\t\t\t\t\t<\/div>\n\t\t<\/div>\n\t\t\t\t\t<\/div>\n\t\t<\/section>\n\t\t\t\t<section class=\"elementor-section elementor-top-section elementor-element elementor-element-80d3088 elementor-section-boxed elementor-section-height-default elementor-section-height-default\" data-id=\"80d3088\" data-element_type=\"section\" data-e-type=\"section\">\n\t\t\t\t\t\t<div class=\"elementor-container elementor-column-gap-default\">\n\t\t\t\t\t<div class=\"elementor-column elementor-col-20 elementor-top-column elementor-element elementor-element-fe07480 stretch-to-none\" data-id=\"fe07480\" data-element_type=\"column\" data-e-type=\"column\">\n\t\t\t<div class=\"elementor-widget-wrap elementor-element-populated\">\n\t\t\t\t\t\t<div class=\"elementor-element elementor-element-68d42c2 elementor-view-default elementor-position-block-start elementor-mobile-position-block-start elementor-widget elementor-widget-icon-box\" data-id=\"68d42c2\" data-element_type=\"widget\" data-e-type=\"widget\" data-widget_type=\"icon-box.default\">\n\t\t\t\t<div class=\"elementor-widget-container\">\n\t\t\t\t\t\t\t<div class=\"elementor-icon-box-wrapper\">\n\n\t\t\t\t\t\t<div class=\"elementor-icon-box-icon\">\n\t\t\t\t<span  class=\"elementor-icon\">\n\t\t\t\t<i aria-hidden=\"true\" class=\"fas fa-toolbox\"><\/i>\t\t\t\t<\/span>\n\t\t\t<\/div>\n\t\t\t\n\t\t\t\t\t\t<div class=\"elementor-icon-box-content\">\n\n\t\t\t\t\t\t\t\t\t<h3 class=\"elementor-icon-box-title\">\n\t\t\t\t\t\t<span  >\n\t\t\t\t\t\t\tDanys de l'inquil\u00ed\t\t\t\t\t\t<\/span>\n\t\t\t\t\t<\/h3>\n\t\t\t\t\n\t\t\t\t\t\t\t\t\t<p class=\"elementor-icon-box-description\">\n\t\t\t\t\t\tReparem desperfectes per part de l'inquil\u00ed.\t\t\t\t\t<\/p>\n\t\t\t\t\n\t\t\t<\/div>\n\t\t\t\n\t\t<\/div>\n\t\t\t\t\t\t<\/div>\n\t\t\t\t<\/div>\n\t\t\t\t\t<\/div>\n\t\t<\/div>\n\t\t\t\t<div class=\"elementor-column elementor-col-20 elementor-top-column elementor-element elementor-element-f0d73cc stretch-to-none\" data-id=\"f0d73cc\" data-element_type=\"column\" data-e-type=\"column\">\n\t\t\t<div class=\"elementor-widget-wrap elementor-element-populated\">\n\t\t\t\t\t\t<div class=\"elementor-element elementor-element-b9b74c4 elementor-view-default elementor-position-block-start elementor-mobile-position-block-start elementor-widget elementor-widget-icon-box\" data-id=\"b9b74c4\" data-element_type=\"widget\" data-e-type=\"widget\" data-widget_type=\"icon-box.default\">\n\t\t\t\t<div class=\"elementor-widget-container\">\n\t\t\t\t\t\t\t<div class=\"elementor-icon-box-wrapper\">\n\n\t\t\t\t\t\t<div class=\"elementor-icon-box-icon\">\n\t\t\t\t<span  class=\"elementor-icon\">\n\t\t\t\t<i aria-hidden=\"true\" class=\"fas fa-mobile-alt\"><\/i>\t\t\t\t<\/span>\n\t\t\t<\/div>\n\t\t\t\n\t\t\t\t\t\t<div class=\"elementor-icon-box-content\">\n\n\t\t\t\t\t\t\t\t\t<h3 class=\"elementor-icon-box-title\">\n\t\t\t\t\t\t<span  >\n\t\t\t\t\t\t\tSoluci\u00f3 en una trucada\t\t\t\t\t\t<\/span>\n\t\t\t\t\t<\/h3>\n\t\t\t\t\n\t\t\t\t\t\t\t\t\t<p class=\"elementor-icon-box-description\">\n\t\t\t\t\t\tTotes les teves gestions en una sola trucada\t\t\t\t\t<\/p>\n\t\t\t\t\n\t\t\t<\/div>\n\t\t\t\n\t\t<\/div>\n\t\t\t\t\t\t<\/div>\n\t\t\t\t<\/div>\n\t\t\t\t\t<\/div>\n\t\t<\/div>\n\t\t\t\t<div class=\"elementor-column elementor-col-20 elementor-top-column elementor-element elementor-element-21b5bad stretch-to-none\" data-id=\"21b5bad\" data-element_type=\"column\" data-e-type=\"column\">\n\t\t\t<div class=\"elementor-widget-wrap elementor-element-populated\">\n\t\t\t\t\t\t<div class=\"elementor-element elementor-element-29a1956 elementor-view-default elementor-position-block-start elementor-mobile-position-block-start elementor-widget elementor-widget-icon-box\" data-id=\"29a1956\" data-element_type=\"widget\" data-e-type=\"widget\" data-widget_type=\"icon-box.default\">\n\t\t\t\t<div class=\"elementor-widget-container\">\n\t\t\t\t\t\t\t<div class=\"elementor-icon-box-wrapper\">\n\n\t\t\t\t\t\t<div class=\"elementor-icon-box-icon\">\n\t\t\t\t<span  class=\"elementor-icon\">\n\t\t\t\t<i aria-hidden=\"true\" class=\"far fa-credit-card\"><\/i>\t\t\t\t<\/span>\n\t\t\t<\/div>\n\t\t\t\n\t\t\t\t\t\t<div class=\"elementor-icon-box-content\">\n\n\t\t\t\t\t\t\t\t\t<h3 class=\"elementor-icon-box-title\">\n\t\t\t\t\t\t<span  >\n\t\t\t\t\t\t\tSeguretat de cobrament\t\t\t\t\t\t<\/span>\n\t\t\t\t\t<\/h3>\n\t\t\t\t\n\t\t\t\t\t\t\t\t\t<p class=\"elementor-icon-box-description\">\n\t\t\t\t\t\t12 mesos de cobrament garantit del teu lloguer\t\t\t\t\t<\/p>\n\t\t\t\t\n\t\t\t<\/div>\n\t\t\t\n\t\t<\/div>\n\t\t\t\t\t\t<\/div>\n\t\t\t\t<\/div>\n\t\t\t\t\t<\/div>\n\t\t<\/div>\n\t\t\t\t<div class=\"elementor-column elementor-col-20 elementor-top-column elementor-element elementor-element-4973748 stretch-to-none\" data-id=\"4973748\" data-element_type=\"column\" data-e-type=\"column\">\n\t\t\t<div class=\"elementor-widget-wrap elementor-element-populated\">\n\t\t\t\t\t\t<div class=\"elementor-element elementor-element-d64be96 elementor-view-default elementor-position-block-start elementor-mobile-position-block-start elementor-widget elementor-widget-icon-box\" data-id=\"d64be96\" data-element_type=\"widget\" data-e-type=\"widget\" data-widget_type=\"icon-box.default\">\n\t\t\t\t<div class=\"elementor-widget-container\">\n\t\t\t\t\t\t\t<div class=\"elementor-icon-box-wrapper\">\n\n\t\t\t\t\t\t<div class=\"elementor-icon-box-icon\">\n\t\t\t\t<span  class=\"elementor-icon\">\n\t\t\t\t<i aria-hidden=\"true\" class=\"far fa-list-alt\"><\/i>\t\t\t\t<\/span>\n\t\t\t<\/div>\n\t\t\t\n\t\t\t\t\t\t<div class=\"elementor-icon-box-content\">\n\n\t\t\t\t\t\t\t\t\t<h3 class=\"elementor-icon-box-title\">\n\t\t\t\t\t\t<span  >\n\t\t\t\t\t\t\tPagaments f\u00e0cils\t\t\t\t\t\t<\/span>\n\t\t\t\t\t<\/h3>\n\t\t\t\t\n\t\t\t\t\t\t\t\t\t<p class=\"elementor-icon-box-description\">\n\t\t\t\t\t\tTotes les facilitats en un pagament rebut \u00fanic\t\t\t\t\t<\/p>\n\t\t\t\t\n\t\t\t<\/div>\n\t\t\t\n\t\t<\/div>\n\t\t\t\t\t\t<\/div>\n\t\t\t\t<\/div>\n\t\t\t\t\t<\/div>\n\t\t<\/div>\n\t\t\t\t<div class=\"elementor-column elementor-col-20 elementor-top-column elementor-element elementor-element-09e2992 stretch-to-none\" data-id=\"09e2992\" data-element_type=\"column\" data-e-type=\"column\">\n\t\t\t<div class=\"elementor-widget-wrap elementor-element-populated\">\n\t\t\t\t\t\t<div class=\"elementor-element elementor-element-86655ab elementor-view-default elementor-position-block-start elementor-mobile-position-block-start elementor-widget elementor-widget-icon-box\" data-id=\"86655ab\" data-element_type=\"widget\" data-e-type=\"widget\" data-widget_type=\"icon-box.default\">\n\t\t\t\t<div class=\"elementor-widget-container\">\n\t\t\t\t\t\t\t<div class=\"elementor-icon-box-wrapper\">\n\n\t\t\t\t\t\t<div class=\"elementor-icon-box-icon\">\n\t\t\t\t<span  class=\"elementor-icon\">\n\t\t\t\t<i aria-hidden=\"true\" class=\"fas fa-toolbox\"><\/i>\t\t\t\t<\/span>\n\t\t\t<\/div>\n\t\t\t\n\t\t\t\t\t\t<div class=\"elementor-icon-box-content\">\n\n\t\t\t\t\t\t\t\t\t<h3 class=\"elementor-icon-box-title\">\n\t\t\t\t\t\t<span  >\n\t\t\t\t\t\t\tSempre protegit\t\t\t\t\t\t<\/span>\n\t\t\t\t\t<\/h3>\n\t\t\t\t\n\t\t\t\t\t\t\t\t\t<p class=\"elementor-icon-box-description\">\n\t\t\t\t\t\tSentat protegit amb el nostre servei de Defensa Jur\u00eddica\t\t\t\t\t<\/p>\n\t\t\t\t\n\t\t\t<\/div>\n\t\t\t\n\t\t<\/div>\n\t\t\t\t\t\t<\/div>\n\t\t\t\t<\/div>\n\t\t\t\t\t<\/div>\n\t\t<\/div>\n\t\t\t\t\t<\/div>\n\t\t<\/section>\n\t\t\t\t<section class=\"elementor-section elementor-top-section elementor-element elementor-element-e51756f elementor-section-content-middle elementor-section-boxed elementor-section-height-default elementor-section-height-default\" data-id=\"e51756f\" data-element_type=\"section\" data-e-type=\"section\" data-settings=\"{&quot;background_background&quot;:&quot;classic&quot;}\">\n\t\t\t\t\t\t<div class=\"elementor-container elementor-column-gap-default\">\n\t\t\t\t\t<div class=\"elementor-column elementor-col-50 elementor-top-column elementor-element elementor-element-de3c1d2 stretch-to-none\" data-id=\"de3c1d2\" data-element_type=\"column\" data-e-type=\"column\">\n\t\t\t<div class=\"elementor-widget-wrap elementor-element-populated\">\n\t\t\t\t\t\t<div class=\"elementor-element elementor-element-e45b95b elementor-widget elementor-widget-text-editor\" data-id=\"e45b95b\" data-element_type=\"widget\" data-e-type=\"widget\" data-widget_type=\"text-editor.default\">\n\t\t\t\t<div class=\"elementor-widget-container\">\n\t\t\t\t\t\t\t\t\t<p style=\"margin-bottom: 0; letter-spacing: -0.2px;\"><span class=\"hidden-outside-business-hours-JS\"><span style=\"color: #ffffff;\"><span style=\"font-size: 42px;\">Consulta'ns per a m\u00e9s informaci\u00f3 sobre altres assegurances<\/span><\/span><\/span><\/p>\t\t\t\t\t\t\t\t<\/div>\n\t\t\t\t<\/div>\n\t\t\t\t\t<\/div>\n\t\t<\/div>\n\t\t\t\t<div class=\"elementor-column elementor-col-50 elementor-top-column elementor-element elementor-element-ed5c87a stretch-to-none\" data-id=\"ed5c87a\" data-element_type=\"column\" data-e-type=\"column\">\n\t\t\t<div class=\"elementor-widget-wrap elementor-element-populated\">\n\t\t\t\t\t\t<div class=\"elementor-element elementor-element-d55abdb elementor-align-right elementor-tablet-align-center elementor-widget elementor-widget-button\" data-id=\"d55abdb\" data-element_type=\"widget\" data-e-type=\"widget\" data-widget_type=\"button.default\">\n\t\t\t\t<div class=\"elementor-widget-container\">\n\t\t\t\t\t\t\t\t\t<div class=\"elementor-button-wrapper\">\n\t\t\t\t\t<a class=\"elementor-button elementor-button-link elementor-size-sm\" href=\"https:\/\/fincasaba.com\/ca\/contact-us\/\">\n\t\t\t\t\t\t<span class=\"elementor-button-content-wrapper\">\n\t\t\t\t\t\t<span class=\"elementor-button-icon\">\n\t\t\t\t<i aria-hidden=\"true\" class=\"fasproperty-icon-user-1\"><\/i>\t\t\t<\/span>\n\t\t\t\t\t\t\t\t\t<span class=\"elementor-button-text\">Contactar<\/span>\n\t\t\t\t\t<\/span>\n\t\t\t\t\t<\/a>\n\t\t\t\t<\/div>\n\t\t\t\t\t\t\t\t<\/div>\n\t\t\t\t<\/div>\n\t\t\t\t\t<\/div>\n\t\t<\/div>\n\t\t\t\t\t<\/div>\n\t\t<\/section>\n\t\t\t\t<\/div>","protected":false},"excerpt":{"rendered":"<p>Fincas aba Seguros para alquileres Tu seguridad nuestro compromiso Si\u00a0quieres alquilar tu piso\u00a0y\u00a0garantizar el pago de las mensualidades\u00a0de los inquilinos, este es tu mejor seguro. Olv\u00eddate de los posibles problemas porque nuestros abogados estar\u00e1n a tu lado para reclamar y defender tus derechos como\u00a0propietario.\u00a0 Coberturas obligatorias Impago de alquileres Protege al propietario de la vivienda [&hellip;]<\/p>\n","protected":false},"author":2,"featured_media":0,"parent":0,"menu_order":0,"comment_status":"closed","ping_status":"closed","template":"","meta":{"footnotes":""},"class_list":["post-8756","page","type-page","status-publish","hentry"],"yoast_head":"<!-- This site is optimized with the Yoast SEO plugin v27.4 - https:\/\/yoast.com\/product\/yoast-seo-wordpress\/ -->\n<title>Otros seguros - fincasaba.com<\/title>\n<meta name=\"robots\" content=\"index, follow, max-snippet:-1, max-image-preview:large, max-video-preview:-1\" \/>\n<link rel=\"canonical\" href=\"https:\/\/fincasaba.com\/ca\/otros-seguros\/\" \/>\n<meta property=\"og:locale\" content=\"ca_ES\" \/>\n<meta property=\"og:type\" content=\"article\" \/>\n<meta property=\"og:title\" content=\"Otros seguros - fincasaba.com\" \/>\n<meta property=\"og:description\" content=\"Fincas aba Seguros para alquileres Tu seguridad nuestro compromiso Si\u00a0quieres alquilar tu piso\u00a0y\u00a0garantizar el pago de las mensualidades\u00a0de los inquilinos, este es tu mejor seguro. Olv\u00eddate de los posibles problemas porque nuestros abogados estar\u00e1n a tu lado para reclamar y defender tus derechos como\u00a0propietario.\u00a0 Coberturas obligatorias Impago de alquileres Protege al propietario de la vivienda [&hellip;]\" \/>\n<meta property=\"og:url\" content=\"https:\/\/fincasaba.com\/ca\/otros-seguros\/\" \/>\n<meta property=\"og:site_name\" content=\"fincasaba.com\" \/>\n<meta property=\"article:publisher\" content=\"https:\/\/www.facebook.com\/profile.php?id=100057446426721\" \/>\n<meta property=\"article:modified_time\" content=\"2022-10-10T16:28:03+00:00\" \/>\n<meta property=\"og:image\" content=\"https:\/\/fincasaba.com\/wp-content\/uploads\/2022\/10\/seguro-salud-familia-300x200.jpg\" \/>\n<meta name=\"twitter:card\" content=\"summary_large_image\" \/>\n<meta name=\"twitter:label1\" content=\"Temps estimat de lectura\" \/>\n\t<meta name=\"twitter:data1\" content=\"1 minut\" \/>\n<script type=\"application\/ld+json\" class=\"yoast-schema-graph\">{\"@context\":\"https:\\\/\\\/schema.org\",\"@graph\":[{\"@type\":\"WebPage\",\"@id\":\"https:\\\/\\\/fincasaba.com\\\/otros-seguros\\\/\",\"url\":\"https:\\\/\\\/fincasaba.com\\\/otros-seguros\\\/\",\"name\":\"Otros seguros - fincasaba.com\",\"isPartOf\":{\"@id\":\"https:\\\/\\\/fincasaba.com\\\/#website\"},\"primaryImageOfPage\":{\"@id\":\"https:\\\/\\\/fincasaba.com\\\/otros-seguros\\\/#primaryimage\"},\"image\":{\"@id\":\"https:\\\/\\\/fincasaba.com\\\/otros-seguros\\\/#primaryimage\"},\"thumbnailUrl\":\"https:\\\/\\\/fincasaba.com\\\/wp-content\\\/uploads\\\/2022\\\/10\\\/seguro-salud-familia-300x200.jpg\",\"datePublished\":\"2022-10-03T10:41:48+00:00\",\"dateModified\":\"2022-10-10T16:28:03+00:00\",\"breadcrumb\":{\"@id\":\"https:\\\/\\\/fincasaba.com\\\/otros-seguros\\\/#breadcrumb\"},\"inLanguage\":\"ca\",\"potentialAction\":[{\"@type\":\"ReadAction\",\"target\":[\"https:\\\/\\\/fincasaba.com\\\/otros-seguros\\\/\"]}]},{\"@type\":\"ImageObject\",\"inLanguage\":\"ca\",\"@id\":\"https:\\\/\\\/fincasaba.com\\\/otros-seguros\\\/#primaryimage\",\"url\":\"https:\\\/\\\/fincasaba.com\\\/wp-content\\\/uploads\\\/2022\\\/10\\\/seguro-salud-familia-300x200.jpg\",\"contentUrl\":\"https:\\\/\\\/fincasaba.com\\\/wp-content\\\/uploads\\\/2022\\\/10\\\/seguro-salud-familia-300x200.jpg\"},{\"@type\":\"BreadcrumbList\",\"@id\":\"https:\\\/\\\/fincasaba.com\\\/otros-seguros\\\/#breadcrumb\",\"itemListElement\":[{\"@type\":\"ListItem\",\"position\":1,\"name\":\"Portada\",\"item\":\"https:\\\/\\\/fincasaba.com\\\/\"},{\"@type\":\"ListItem\",\"position\":2,\"name\":\"Otros seguros\"}]},{\"@type\":\"WebSite\",\"@id\":\"https:\\\/\\\/fincasaba.com\\\/#website\",\"url\":\"https:\\\/\\\/fincasaba.com\\\/\",\"name\":\"Inmobilliaria en Tarragona Fincas ABA - administradores de comunidades\",\"description\":\"Inmobiliaria especializada en administraci\u00f3n de comunidades y fincas en Tarragona\",\"publisher\":{\"@id\":\"https:\\\/\\\/fincasaba.com\\\/#organization\"},\"alternateName\":\"Fincas ABA\",\"potentialAction\":[{\"@type\":\"SearchAction\",\"target\":{\"@type\":\"EntryPoint\",\"urlTemplate\":\"https:\\\/\\\/fincasaba.com\\\/?s={search_term_string}\"},\"query-input\":{\"@type\":\"PropertyValueSpecification\",\"valueRequired\":true,\"valueName\":\"search_term_string\"}}],\"inLanguage\":\"ca\"},{\"@type\":\"Organization\",\"@id\":\"https:\\\/\\\/fincasaba.com\\\/#organization\",\"name\":\"Inmobiliaria Fincas ABA - expertos en administraci\u00f3n de comunidades\",\"alternateName\":\"Fincas ABA\",\"url\":\"https:\\\/\\\/fincasaba.com\\\/\",\"logo\":{\"@type\":\"ImageObject\",\"inLanguage\":\"ca\",\"@id\":\"https:\\\/\\\/fincasaba.com\\\/#\\\/schema\\\/logo\\\/image\\\/\",\"url\":\"https:\\\/\\\/fincasaba.com\\\/wp-content\\\/uploads\\\/2022\\\/09\\\/logo-fincasaba-1-235x214.jpg\",\"contentUrl\":\"https:\\\/\\\/fincasaba.com\\\/wp-content\\\/uploads\\\/2022\\\/09\\\/logo-fincasaba-1-235x214.jpg\",\"width\":235,\"height\":214,\"caption\":\"Inmobiliaria Fincas ABA - expertos en administraci\u00f3n de comunidades\"},\"image\":{\"@id\":\"https:\\\/\\\/fincasaba.com\\\/#\\\/schema\\\/logo\\\/image\\\/\"},\"sameAs\":[\"https:\\\/\\\/www.facebook.com\\\/profile.php?id=100057446426721\"]}]}<\/script>\n<!-- \/ Yoast SEO plugin. -->","yoast_head_json":{"title":"Otros seguros - fincasaba.com","robots":{"index":"index","follow":"follow","max-snippet":"max-snippet:-1","max-image-preview":"max-image-preview:large","max-video-preview":"max-video-preview:-1"},"canonical":"https:\/\/fincasaba.com\/ca\/otros-seguros\/","og_locale":"ca_ES","og_type":"article","og_title":"Otros seguros - fincasaba.com","og_description":"Fincas aba Seguros para alquileres Tu seguridad nuestro compromiso Si\u00a0quieres alquilar tu piso\u00a0y\u00a0garantizar el pago de las mensualidades\u00a0de los inquilinos, este es tu mejor seguro. Olv\u00eddate de los posibles problemas porque nuestros abogados estar\u00e1n a tu lado para reclamar y defender tus derechos como\u00a0propietario.\u00a0 Coberturas obligatorias Impago de alquileres Protege al propietario de la vivienda [&hellip;]","og_url":"https:\/\/fincasaba.com\/ca\/otros-seguros\/","og_site_name":"fincasaba.com","article_publisher":"https:\/\/www.facebook.com\/profile.php?id=100057446426721","article_modified_time":"2022-10-10T16:28:03+00:00","og_image":[{"url":"https:\/\/fincasaba.com\/wp-content\/uploads\/2022\/10\/seguro-salud-familia-300x200.jpg","type":"","width":"","height":""}],"twitter_card":"summary_large_image","twitter_misc":{"Temps estimat de lectura":"1 minut"},"schema":{"@context":"https:\/\/schema.org","@graph":[{"@type":"WebPage","@id":"https:\/\/fincasaba.com\/otros-seguros\/","url":"https:\/\/fincasaba.com\/otros-seguros\/","name":"Otros seguros - fincasaba.com","isPartOf":{"@id":"https:\/\/fincasaba.com\/#website"},"primaryImageOfPage":{"@id":"https:\/\/fincasaba.com\/otros-seguros\/#primaryimage"},"image":{"@id":"https:\/\/fincasaba.com\/otros-seguros\/#primaryimage"},"thumbnailUrl":"https:\/\/fincasaba.com\/wp-content\/uploads\/2022\/10\/seguro-salud-familia-300x200.jpg","datePublished":"2022-10-03T10:41:48+00:00","dateModified":"2022-10-10T16:28:03+00:00","breadcrumb":{"@id":"https:\/\/fincasaba.com\/otros-seguros\/#breadcrumb"},"inLanguage":"ca","potentialAction":[{"@type":"ReadAction","target":["https:\/\/fincasaba.com\/otros-seguros\/"]}]},{"@type":"ImageObject","inLanguage":"ca","@id":"https:\/\/fincasaba.com\/otros-seguros\/#primaryimage","url":"https:\/\/fincasaba.com\/wp-content\/uploads\/2022\/10\/seguro-salud-familia-300x200.jpg","contentUrl":"https:\/\/fincasaba.com\/wp-content\/uploads\/2022\/10\/seguro-salud-familia-300x200.jpg"},{"@type":"BreadcrumbList","@id":"https:\/\/fincasaba.com\/otros-seguros\/#breadcrumb","itemListElement":[{"@type":"ListItem","position":1,"name":"Portada","item":"https:\/\/fincasaba.com\/"},{"@type":"ListItem","position":2,"name":"Otros seguros"}]},{"@type":"WebSite","@id":"https:\/\/fincasaba.com\/#website","url":"https:\/\/fincasaba.com\/","name":"Inmobilliaria en Tarragona Fincas ABA - administradores de comunidades","description":"Inmobiliaria especializada en administraci\u00f3n de comunidades y fincas en Tarragona","publisher":{"@id":"https:\/\/fincasaba.com\/#organization"},"alternateName":"Fincas ABA","potentialAction":[{"@type":"SearchAction","target":{"@type":"EntryPoint","urlTemplate":"https:\/\/fincasaba.com\/?s={search_term_string}"},"query-input":{"@type":"PropertyValueSpecification","valueRequired":true,"valueName":"search_term_string"}}],"inLanguage":"ca"},{"@type":"Organization","@id":"https:\/\/fincasaba.com\/#organization","name":"Inmobiliaria Fincas ABA - expertos en administraci\u00f3n de comunidades","alternateName":"Fincas ABA","url":"https:\/\/fincasaba.com\/","logo":{"@type":"ImageObject","inLanguage":"ca","@id":"https:\/\/fincasaba.com\/#\/schema\/logo\/image\/","url":"https:\/\/fincasaba.com\/wp-content\/uploads\/2022\/09\/logo-fincasaba-1-235x214.jpg","contentUrl":"https:\/\/fincasaba.com\/wp-content\/uploads\/2022\/09\/logo-fincasaba-1-235x214.jpg","width":235,"height":214,"caption":"Inmobiliaria Fincas ABA - expertos en administraci\u00f3n de comunidades"},"image":{"@id":"https:\/\/fincasaba.com\/#\/schema\/logo\/image\/"},"sameAs":["https:\/\/www.facebook.com\/profile.php?id=100057446426721"]}]}},"_links":{"self":[{"href":"https:\/\/fincasaba.com\/ca\/wp-json\/wp\/v2\/pages\/8756","targetHints":{"allow":["GET"]}}],"collection":[{"href":"https:\/\/fincasaba.com\/ca\/wp-json\/wp\/v2\/pages"}],"about":[{"href":"https:\/\/fincasaba.com\/ca\/wp-json\/wp\/v2\/types\/page"}],"author":[{"embeddable":true,"href":"https:\/\/fincasaba.com\/ca\/wp-json\/wp\/v2\/users\/2"}],"replies":[{"embeddable":true,"href":"https:\/\/fincasaba.com\/ca\/wp-json\/wp\/v2\/comments?post=8756"}],"version-history":[{"count":14,"href":"https:\/\/fincasaba.com\/ca\/wp-json\/wp\/v2\/pages\/8756\/revisions"}],"predecessor-version":[{"id":8973,"href":"https:\/\/fincasaba.com\/ca\/wp-json\/wp\/v2\/pages\/8756\/revisions\/8973"}],"wp:attachment":[{"href":"https:\/\/fincasaba.com\/ca\/wp-json\/wp\/v2\/media?parent=8756"}],"curies":[{"name":"wp","href":"https:\/\/api.w.org\/{rel}","templated":true}]}}