{"id":9008,"date":"2022-10-11T08:35:19","date_gmt":"2022-10-11T08:35:19","guid":{"rendered":"https:\/\/fincasaba.com\/?page_id=9008"},"modified":"2023-07-06T11:42:54","modified_gmt":"2023-07-06T11:42:54","slug":"pisos-en-cambrils","status":"publish","type":"page","link":"https:\/\/fincasaba.com\/ca\/pisos-en-cambrils\/","title":{"rendered":"Pisos en Cambrils inmobiliaria Fincas ABA"},"content":{"rendered":"<div data-elementor-type=\"wp-page\" data-elementor-id=\"9008\" class=\"elementor elementor-9008\">\n\t\t\t\t\t\t<section class=\"elementor-section elementor-top-section elementor-element elementor-element-0efd841 elementor-section-height-min-height elementor-section-boxed elementor-section-height-default elementor-section-items-middle\" data-id=\"0efd841\" data-element_type=\"section\" data-e-type=\"section\">\n\t\t\t\t\t\t\t<div class=\"elementor-background-overlay\"><\/div>\n\t\t\t\t\t\t\t<div class=\"elementor-container elementor-column-gap-default\">\n\t\t\t\t\t<div class=\"elementor-column elementor-col-100 elementor-top-column elementor-element elementor-element-bd7d447 stretch-to-none\" data-id=\"bd7d447\" data-element_type=\"column\" data-e-type=\"column\">\n\t\t\t<div class=\"elementor-widget-wrap elementor-element-populated\">\n\t\t\t\t\t\t<div class=\"elementor-element elementor-element-e12ce2a elementor-widget elementor-widget-heading\" data-id=\"e12ce2a\" data-element_type=\"widget\" data-e-type=\"widget\" data-widget_type=\"heading.default\">\n\t\t\t\t<div class=\"elementor-widget-container\">\n\t\t\t\t\t<h1 class=\"elementor-heading-title elementor-size-default\">Pisos en Cambrils FIncas ABA inmobiliaria<\/h1>\t\t\t\t<\/div>\n\t\t\t\t<\/div>\n\t\t\t\t<div class=\"elementor-element elementor-element-22be85a elementor-widget elementor-widget-text-editor\" data-id=\"22be85a\" data-element_type=\"widget\" data-e-type=\"widget\" data-widget_type=\"text-editor.default\">\n\t\t\t\t<div class=\"elementor-widget-container\">\n\t\t\t\t\t\t\t\t\t<p>Compra, venta y alquiler de <strong>pisos en Cambrils<\/strong> &#8211; contacta con nuestra inmobiliaria en Cambrils si quieres comprar, <em>vender o alquilar pisos en Cambrils<\/em> y cercan\u00edas.<\/p>\t\t\t\t\t\t\t\t<\/div>\n\t\t\t\t<\/div>\n\t\t\t\t\t<\/div>\n\t\t<\/div>\n\t\t\t\t\t<\/div>\n\t\t<\/section>\n\t\t\t\t<section class=\"elementor-section elementor-top-section elementor-element elementor-element-fc1d24f elementor-section-boxed elementor-section-height-default elementor-section-height-default\" data-id=\"fc1d24f\" data-element_type=\"section\" data-e-type=\"section\">\n\t\t\t\t\t\t<div class=\"elementor-container elementor-column-gap-default\">\n\t\t\t\t\t<div class=\"elementor-column elementor-col-33 elementor-top-column elementor-element elementor-element-0dc6dd2 stretch-to-none\" data-id=\"0dc6dd2\" data-element_type=\"column\" data-e-type=\"column\">\n\t\t\t<div class=\"elementor-widget-wrap elementor-element-populated\">\n\t\t\t\t\t\t<div class=\"elementor-element elementor-element-cd63e67 elementor-widget elementor-widget-image\" data-id=\"cd63e67\" data-element_type=\"widget\" data-e-type=\"widget\" data-widget_type=\"image.default\">\n\t\t\t\t<div class=\"elementor-widget-container\">\n\t\t\t\t\t\t\t\t\t\t\t\t\t\t\t<img fetchpriority=\"high\" decoding=\"async\" width=\"900\" height=\"600\" src=\"https:\/\/fincasaba.com\/wp-content\/uploads\/2022\/11\/pisos-en-cambrils-1024x683.jpg\" class=\"attachment-large size-large wp-image-9321\" alt=\"pisos en cambrils fincas ABA\" srcset=\"https:\/\/fincasaba.com\/wp-content\/uploads\/2022\/11\/pisos-en-cambrils-1024x683.jpg 1024w, https:\/\/fincasaba.com\/wp-content\/uploads\/2022\/11\/pisos-en-cambrils-300x200.jpg 300w, https:\/\/fincasaba.com\/wp-content\/uploads\/2022\/11\/pisos-en-cambrils-768x512.jpg 768w, https:\/\/fincasaba.com\/wp-content\/uploads\/2022\/11\/pisos-en-cambrils-18x12.jpg 18w, https:\/\/fincasaba.com\/wp-content\/uploads\/2022\/11\/pisos-en-cambrils.jpg 1200w, https:\/\/fincasaba.com\/wp-content\/uploads\/2022\/11\/pisos-en-cambrils-600x400.jpg 600w\" sizes=\"(max-width: 900px) 100vw, 900px\" \/>\t\t\t\t\t\t\t\t\t\t\t\t\t\t\t<\/div>\n\t\t\t\t<\/div>\n\t\t\t\t\t<\/div>\n\t\t<\/div>\n\t\t\t\t<div class=\"elementor-column elementor-col-66 elementor-top-column elementor-element elementor-element-339b6be stretch-to-none\" data-id=\"339b6be\" data-element_type=\"column\" data-e-type=\"column\">\n\t\t\t<div class=\"elementor-widget-wrap elementor-element-populated\">\n\t\t\t\t\t\t<div class=\"elementor-element elementor-element-098573e elementor-widget elementor-widget-text-editor\" data-id=\"098573e\" data-element_type=\"widget\" data-e-type=\"widget\" data-widget_type=\"text-editor.default\">\n\t\t\t\t<div class=\"elementor-widget-container\">\n\t\t\t\t\t\t\t\t\t<h2>Compra, venta y alquiler de pisos en Cambrils<\/h2><p class=\"titulo\">\u00bfVivienda nueva o de segunda mano? Esta es una de las primeras preguntas que surgen a la hora de comprar una casa. La respuesta depender\u00e1 de las circunstancias personales del futuro propietario, de sus necesidades y de su estilo de vida. Desde el punto de vista econ\u00f3mico, hay que valorar que en una vivienda nueva el precio del metro cuadrado es mayor, aunque no siempre es as\u00ed. De hecho, con frecuencia, un inmueble de segunda mano tiende a revalorizarse m\u00e1s con el paso del tiempo por factores como su ubicaci\u00f3n.<\/p>\t\t\t\t\t\t\t\t<\/div>\n\t\t\t\t<\/div>\n\t\t\t\t\t<\/div>\n\t\t<\/div>\n\t\t\t\t\t<\/div>\n\t\t<\/section>\n\t\t\t\t<section class=\"elementor-section elementor-top-section elementor-element elementor-element-ff4a384 elementor-section-boxed elementor-section-height-default elementor-section-height-default\" data-id=\"ff4a384\" data-element_type=\"section\" data-e-type=\"section\">\n\t\t\t\t\t\t<div class=\"elementor-container elementor-column-gap-default\">\n\t\t\t\t\t<div class=\"elementor-column elementor-col-66 elementor-top-column elementor-element elementor-element-7f72e2a stretch-to-none\" data-id=\"7f72e2a\" data-element_type=\"column\" data-e-type=\"column\">\n\t\t\t<div class=\"elementor-widget-wrap elementor-element-populated\">\n\t\t\t\t\t\t<div class=\"elementor-element elementor-element-023ad70 elementor-widget elementor-widget-text-editor\" data-id=\"023ad70\" data-element_type=\"widget\" data-e-type=\"widget\" data-widget_type=\"text-editor.default\">\n\t\t\t\t<div class=\"elementor-widget-container\">\n\t\t\t\t\t\t\t\t\t<h3>Ventajas de comprar pisos de obra nueva en Cambrils<\/h3><p><b>Distribuci\u00f3n de espacios m\u00e1s eficiente y mejor iluminados.<\/b> Las nuevas construcciones suelen contar con grandes ventanales, terrazas y balcones amplios, adem\u00e1s de estar mejor equipadas en cuanto a dom\u00f3tica que las de segunda mano. Habitualmente disponen de zonas comunes como piscinas, jardines, parques infantiles y \u00e1reas abiertas.<\/p>\t\t\t\t\t\t\t\t<\/div>\n\t\t\t\t<\/div>\n\t\t\t\t\t<\/div>\n\t\t<\/div>\n\t\t\t\t<div class=\"elementor-column elementor-col-33 elementor-top-column elementor-element elementor-element-3607ca9 stretch-to-none\" data-id=\"3607ca9\" data-element_type=\"column\" data-e-type=\"column\">\n\t\t\t<div class=\"elementor-widget-wrap elementor-element-populated\">\n\t\t\t\t\t\t<div class=\"elementor-element elementor-element-512992c elementor-widget elementor-widget-image\" data-id=\"512992c\" data-element_type=\"widget\" data-e-type=\"widget\" data-widget_type=\"image.default\">\n\t\t\t\t<div class=\"elementor-widget-container\">\n\t\t\t\t\t\t\t\t\t\t\t\t\t\t\t<img decoding=\"async\" width=\"900\" height=\"600\" data-src=\"https:\/\/fincasaba.com\/wp-content\/uploads\/2022\/11\/comprar-pisos-en-cambrils-1024x683.jpeg\" class=\"attachment-large size-large wp-image-9323 lazyload\" alt=\"Comprar pisos en cambrils\" data-srcset=\"https:\/\/fincasaba.com\/wp-content\/uploads\/2022\/11\/comprar-pisos-en-cambrils.jpeg 1024w, https:\/\/fincasaba.com\/wp-content\/uploads\/2022\/11\/comprar-pisos-en-cambrils-300x200.jpeg 300w, https:\/\/fincasaba.com\/wp-content\/uploads\/2022\/11\/comprar-pisos-en-cambrils-768x512.jpeg 768w, https:\/\/fincasaba.com\/wp-content\/uploads\/2022\/11\/comprar-pisos-en-cambrils-18x12.jpeg 18w\" data-sizes=\"(max-width: 900px) 100vw, 900px\" src=\"data:image\/svg+xml;base64,PHN2ZyB3aWR0aD0iMSIgaGVpZ2h0PSIxIiB4bWxucz0iaHR0cDovL3d3dy53My5vcmcvMjAwMC9zdmciPjwvc3ZnPg==\" style=\"--smush-placeholder-width: 900px; --smush-placeholder-aspect-ratio: 900\/600;\" \/>\t\t\t\t\t\t\t\t\t\t\t\t\t\t\t<\/div>\n\t\t\t\t<\/div>\n\t\t\t\t\t<\/div>\n\t\t<\/div>\n\t\t\t\t\t<\/div>\n\t\t<\/section>\n\t\t\t\t<section class=\"elementor-section elementor-top-section elementor-element elementor-element-f07f5b2 elementor-section-boxed elementor-section-height-default elementor-section-height-default\" data-id=\"f07f5b2\" data-element_type=\"section\" data-e-type=\"section\">\n\t\t\t\t\t\t<div class=\"elementor-container elementor-column-gap-default\">\n\t\t\t\t\t<div class=\"elementor-column elementor-col-100 elementor-top-column elementor-element elementor-element-d3f51c2 stretch-to-none\" data-id=\"d3f51c2\" data-element_type=\"column\" data-e-type=\"column\">\n\t\t\t<div class=\"elementor-widget-wrap elementor-element-populated\">\n\t\t\t\t\t\t<div class=\"elementor-element elementor-element-ac12b96 elementor-widget elementor-widget-text-editor\" data-id=\"ac12b96\" data-element_type=\"widget\" data-e-type=\"widget\" data-widget_type=\"text-editor.default\">\n\t\t\t\t<div class=\"elementor-widget-container\">\n\t\t\t\t\t\t\t\t\t<h2>Encuentra las mejores ofertas de pisos en Cambrils<\/h2>\n\u00bfQuieres comprar o alquilar un piso en Cambrils?\n\nContacta con nosotros para las mejores ofertas si buscas:\n<ul class=\"list-col-3\">\n \t<li>Pisos en Vilafortu\u00f1y,<\/li>\n \t<li>Port,<\/li>\n \t<li>Casc Antic,<\/li>\n \t<li>Nou Cambrils,<\/li>\n \t<li>La Llosa,<\/li>\n \t<li>Mas de l&#8217;Arany,<\/li>\n \t<li>Regueral,<\/li>\n \t<li>Horta de santa Maria,<\/li>\n \t<li>Vilafortuny,<\/li>\n \t<li>Els Tallets,<\/li>\n \t<li>Cap de Sant Pere,<\/li>\n \t<li>Els Esquirols,<\/li>\n \t<li>Jardins de Vilafortuny.<\/li>\n<\/ul>\n&nbsp;\t\t\t\t\t\t\t\t<\/div>\n\t\t\t\t<\/div>\n\t\t\t\t<div class=\"elementor-element elementor-element-2f36161 elementor-widget elementor-widget-text-editor\" data-id=\"2f36161\" data-element_type=\"widget\" data-e-type=\"widget\" data-widget_type=\"text-editor.default\">\n\t\t\t\t<div class=\"elementor-widget-container\">\n\t\t\t\t\t\t\t\t\t<p><b>Mayor eficiencia energ\u00e9tica y ahorro en el consumo.<\/b> Las viviendas de obra nueva cuentan con una eficiencia energ\u00e9tica mayor que las de segunda mano, sobre todo en comparaci\u00f3n con las construcciones m\u00e1s antiguas. Esto ayuda a optimizar el consumo y, por tanto, a conseguir un ahorro en la factura.<\/p><p><b>Mayor garant\u00eda.<\/b>\u00a0La vivienda de nueva construcci\u00f3n tiene mejores garant\u00edas de calidad. La Ley de Ordenaci\u00f3n de la Edificaci\u00f3n (LOE) asegura que todo inmueble nuevo tiene una cobertura de un a\u00f1o para los da\u00f1os o defectos en los acabados de la obra, tres para los defectos que ata\u00f1en a la habitabilidad de los residentes y 10 para fallos en la estructura del edificio.<\/p><h3>Ventajas de comprar pisos de segunda mano en Cambrils<\/h3><p><b>Menor precio.<\/b>\u00a0Las viviendas de segunda mano suelen ser m\u00e1s baratas, como revelan los datos del MITMA, y se encarecen a menor velocidad que las de obra nueva. Seg\u00fan el Instituto Nacional de Estad\u00edstica (INE), durante el segundo trimestre de 2021, las viviendas de nueva construcci\u00f3n aumentaron su precio un 6% frente al 2,9% de las de segunda mano.<\/p><p><b>Ubicaci\u00f3n m\u00e1s c\u00e9ntrica.<\/b>\u00a0Uno de los atractivos de las viviendas de segunda mano es que en muchas ocasiones son la \u00fanica opci\u00f3n si se busca comprar un inmueble en zonas c\u00e9ntricas que est\u00e9n bien comunicadas y dotadas de servicios p\u00fablicos. Las nuevas construcciones suelen estar en las afueras de las ciudades, en zonas recientemente urbanizadas a las que los servicios p\u00fablicos van llegando lentamente. Adem\u00e1s, como hay una mayor oferta de este tipo de inmuebles, hay m\u00e1s posibilidades de encontrar uno que se ajuste a las necesidades del futuro propietario.<\/p><p><b>Inversi\u00f3n con mayor rentabilidad.<\/b>\u00a0Los\u00a0inmuebles de segunda mano\u00a0suelen tener inconvenientes a largo plazo, ya que con el paso del tiempo comienzan a presentar fallos en las instalaciones. Pero si el objetivo de la compra es la inversi\u00f3n, este tipo de vivienda es m\u00e1s atractiva. Los inmuebles que ofrecen mayores rentabilidades en el alquiler se encuentran en las segundas calles y en los segundos barrios, es decir, los que se sit\u00faan junto a las zonas m\u00e1s transitadas de las grandes ciudades, donde el parque de viviendas es, salvo excepciones, exclusivamente de segunda mano.<\/p>\t\t\t\t\t\t\t\t<\/div>\n\t\t\t\t<\/div>\n\t\t\t\t\t<\/div>\n\t\t<\/div>\n\t\t\t\t\t<\/div>\n\t\t<\/section>\n\t\t\t\t<section class=\"elementor-section elementor-top-section elementor-element elementor-element-c55194f elementor-section-boxed elementor-section-height-default elementor-section-height-default\" data-id=\"c55194f\" data-element_type=\"section\" data-e-type=\"section\">\n\t\t\t\t\t\t<div class=\"elementor-container elementor-column-gap-default\">\n\t\t\t\t\t<div class=\"elementor-column elementor-col-100 elementor-top-column elementor-element elementor-element-8a9ce7b stretch-to-none\" data-id=\"8a9ce7b\" data-element_type=\"column\" data-e-type=\"column\" data-settings=\"{&quot;background_background&quot;:&quot;classic&quot;}\">\n\t\t\t<div class=\"elementor-widget-wrap elementor-element-populated\">\n\t\t\t\t\t\t<div class=\"elementor-element elementor-element-de3def2 elementor-widget elementor-widget-text-editor\" data-id=\"de3def2\" data-element_type=\"widget\" data-e-type=\"widget\" data-widget_type=\"text-editor.default\">\n\t\t\t\t<div class=\"elementor-widget-container\">\n\t\t\t\t\t\t\t\t\t<p style=\"text-align: center;\">No lo dudes y contacta con nosotros para m\u00e1s informaci\u00f3n o cualquier duda que tengas<\/p>\t\t\t\t\t\t\t\t<\/div>\n\t\t\t\t<\/div>\n\t\t\t\t<div class=\"elementor-element elementor-element-e465bd6 elementor-align-center elementor-widget elementor-widget-button\" data-id=\"e465bd6\" data-element_type=\"widget\" data-e-type=\"widget\" data-widget_type=\"button.default\">\n\t\t\t\t<div class=\"elementor-widget-container\">\n\t\t\t\t\t\t\t\t\t<div class=\"elementor-button-wrapper\">\n\t\t\t\t\t<a class=\"elementor-button elementor-button-link elementor-size-sm\" href=\"https:\/\/fincasaba.com\/ca\/contact-us\/\">\n\t\t\t\t\t\t<span class=\"elementor-button-content-wrapper\">\n\t\t\t\t\t\t\t\t\t<span class=\"elementor-button-text\">Contactar<\/span>\n\t\t\t\t\t<\/span>\n\t\t\t\t\t<\/a>\n\t\t\t\t<\/div>\n\t\t\t\t\t\t\t\t<\/div>\n\t\t\t\t<\/div>\n\t\t\t\t\t<\/div>\n\t\t<\/div>\n\t\t\t\t\t<\/div>\n\t\t<\/section>\n\t\t\t\t<\/div>","protected":false},"excerpt":{"rendered":"<p>Pisos en Cambrils FIncas ABA inmobiliaria Compra, venta y alquiler de pisos en Cambrils &#8211; contacta con nuestra inmobiliaria en Cambrils si quieres comprar, vender o alquilar pisos en Cambrils y cercan\u00edas. Compra, venta y alquiler de pisos en Cambrils \u00bfVivienda nueva o de segunda mano? Esta es una de las primeras preguntas que surgen [&hellip;]<\/p>\n","protected":false},"author":2,"featured_media":9321,"parent":0,"menu_order":0,"comment_status":"closed","ping_status":"closed","template":"","meta":{"footnotes":""},"class_list":["post-9008","page","type-page","status-publish","has-post-thumbnail","hentry"],"yoast_head":"<!-- This site is optimized with the Yoast SEO plugin v27.4 - https:\/\/yoast.com\/product\/yoast-seo-wordpress\/ -->\n<title>Pisos en Cambrils inmobiliaria Fincas ABA - fincasaba.com<\/title>\n<meta name=\"description\" content=\"Pisos en Cambrils venta, compra alquiler - contacta con nosotros si buscas piso, quieres alquilar tu piso, pisos nuevos, pisos de ocasi\u00f3n\" \/>\n<meta name=\"robots\" content=\"index, follow, max-snippet:-1, max-image-preview:large, max-video-preview:-1\" \/>\n<link rel=\"canonical\" href=\"https:\/\/fincasaba.com\/ca\/pisos-en-cambrils\/\" \/>\n<meta property=\"og:locale\" content=\"ca_ES\" \/>\n<meta property=\"og:type\" content=\"article\" \/>\n<meta property=\"og:title\" content=\"Pisos en Cambrils inmobiliaria Fincas ABA - fincasaba.com\" \/>\n<meta property=\"og:description\" content=\"Pisos en Cambrils venta, compra alquiler - contacta con nosotros si buscas piso, quieres alquilar tu piso, pisos nuevos, pisos de ocasi\u00f3n\" \/>\n<meta property=\"og:url\" content=\"https:\/\/fincasaba.com\/ca\/pisos-en-cambrils\/\" \/>\n<meta property=\"og:site_name\" content=\"fincasaba.com\" \/>\n<meta property=\"article:publisher\" content=\"https:\/\/www.facebook.com\/profile.php?id=100057446426721\" \/>\n<meta property=\"article:modified_time\" content=\"2023-07-06T11:42:54+00:00\" \/>\n<meta property=\"og:image\" content=\"https:\/\/fincasaba.com\/wp-content\/uploads\/2022\/11\/pisos-en-cambrils-1200x800.jpg\" \/>\n\t<meta property=\"og:image:width\" content=\"1200\" \/>\n\t<meta property=\"og:image:height\" content=\"800\" \/>\n\t<meta property=\"og:image:type\" content=\"image\/jpeg\" \/>\n<meta name=\"twitter:card\" content=\"summary_large_image\" \/>\n<meta name=\"twitter:label1\" content=\"Temps estimat de lectura\" \/>\n\t<meta name=\"twitter:data1\" content=\"4 minuts\" \/>\n<script type=\"application\/ld+json\" class=\"yoast-schema-graph\">{\"@context\":\"https:\\\/\\\/schema.org\",\"@graph\":[{\"@type\":\"WebPage\",\"@id\":\"https:\\\/\\\/fincasaba.com\\\/pisos-en-cambrils\\\/\",\"url\":\"https:\\\/\\\/fincasaba.com\\\/pisos-en-cambrils\\\/\",\"name\":\"Pisos en Cambrils inmobiliaria Fincas ABA - fincasaba.com\",\"isPartOf\":{\"@id\":\"https:\\\/\\\/fincasaba.com\\\/#website\"},\"primaryImageOfPage\":{\"@id\":\"https:\\\/\\\/fincasaba.com\\\/pisos-en-cambrils\\\/#primaryimage\"},\"image\":{\"@id\":\"https:\\\/\\\/fincasaba.com\\\/pisos-en-cambrils\\\/#primaryimage\"},\"thumbnailUrl\":\"https:\\\/\\\/fincasaba.com\\\/wp-content\\\/uploads\\\/2022\\\/11\\\/pisos-en-cambrils-1200x800.jpg\",\"datePublished\":\"2022-10-11T08:35:19+00:00\",\"dateModified\":\"2023-07-06T11:42:54+00:00\",\"description\":\"Pisos en Cambrils venta, compra alquiler - contacta con nosotros si buscas piso, quieres alquilar tu piso, pisos nuevos, pisos de ocasi\u00f3n\",\"breadcrumb\":{\"@id\":\"https:\\\/\\\/fincasaba.com\\\/pisos-en-cambrils\\\/#breadcrumb\"},\"inLanguage\":\"ca\",\"potentialAction\":[{\"@type\":\"ReadAction\",\"target\":[\"https:\\\/\\\/fincasaba.com\\\/pisos-en-cambrils\\\/\"]}]},{\"@type\":\"ImageObject\",\"inLanguage\":\"ca\",\"@id\":\"https:\\\/\\\/fincasaba.com\\\/pisos-en-cambrils\\\/#primaryimage\",\"url\":\"https:\\\/\\\/fincasaba.com\\\/wp-content\\\/uploads\\\/2022\\\/11\\\/pisos-en-cambrils-1200x800.jpg\",\"contentUrl\":\"https:\\\/\\\/fincasaba.com\\\/wp-content\\\/uploads\\\/2022\\\/11\\\/pisos-en-cambrils-1200x800.jpg\",\"width\":1200,\"height\":800,\"caption\":\"pisos en cambrils fincas ABA\"},{\"@type\":\"BreadcrumbList\",\"@id\":\"https:\\\/\\\/fincasaba.com\\\/pisos-en-cambrils\\\/#breadcrumb\",\"itemListElement\":[{\"@type\":\"ListItem\",\"position\":1,\"name\":\"Portada\",\"item\":\"https:\\\/\\\/fincasaba.com\\\/\"},{\"@type\":\"ListItem\",\"position\":2,\"name\":\"Pisos en Cambrils inmobiliaria Fincas ABA\"}]},{\"@type\":\"WebSite\",\"@id\":\"https:\\\/\\\/fincasaba.com\\\/#website\",\"url\":\"https:\\\/\\\/fincasaba.com\\\/\",\"name\":\"Inmobilliaria en Tarragona Fincas ABA - administradores de comunidades\",\"description\":\"Inmobiliaria especializada en administraci\u00f3n de comunidades y fincas en Tarragona\",\"publisher\":{\"@id\":\"https:\\\/\\\/fincasaba.com\\\/#organization\"},\"alternateName\":\"Fincas ABA\",\"potentialAction\":[{\"@type\":\"SearchAction\",\"target\":{\"@type\":\"EntryPoint\",\"urlTemplate\":\"https:\\\/\\\/fincasaba.com\\\/?s={search_term_string}\"},\"query-input\":{\"@type\":\"PropertyValueSpecification\",\"valueRequired\":true,\"valueName\":\"search_term_string\"}}],\"inLanguage\":\"ca\"},{\"@type\":\"Organization\",\"@id\":\"https:\\\/\\\/fincasaba.com\\\/#organization\",\"name\":\"Inmobiliaria Fincas ABA - expertos en administraci\u00f3n de comunidades\",\"alternateName\":\"Fincas ABA\",\"url\":\"https:\\\/\\\/fincasaba.com\\\/\",\"logo\":{\"@type\":\"ImageObject\",\"inLanguage\":\"ca\",\"@id\":\"https:\\\/\\\/fincasaba.com\\\/#\\\/schema\\\/logo\\\/image\\\/\",\"url\":\"https:\\\/\\\/fincasaba.com\\\/wp-content\\\/uploads\\\/2022\\\/09\\\/logo-fincasaba-1-235x214.jpg\",\"contentUrl\":\"https:\\\/\\\/fincasaba.com\\\/wp-content\\\/uploads\\\/2022\\\/09\\\/logo-fincasaba-1-235x214.jpg\",\"width\":235,\"height\":214,\"caption\":\"Inmobiliaria Fincas ABA - expertos en administraci\u00f3n de comunidades\"},\"image\":{\"@id\":\"https:\\\/\\\/fincasaba.com\\\/#\\\/schema\\\/logo\\\/image\\\/\"},\"sameAs\":[\"https:\\\/\\\/www.facebook.com\\\/profile.php?id=100057446426721\"]}]}<\/script>\n<!-- \/ Yoast SEO plugin. -->","yoast_head_json":{"title":"Pisos en Cambrils inmobiliaria Fincas ABA - fincasaba.com","description":"Pisos en Cambrils venta, compra alquiler - contacta con nosotros si buscas piso, quieres alquilar tu piso, pisos nuevos, pisos de ocasi\u00f3n","robots":{"index":"index","follow":"follow","max-snippet":"max-snippet:-1","max-image-preview":"max-image-preview:large","max-video-preview":"max-video-preview:-1"},"canonical":"https:\/\/fincasaba.com\/ca\/pisos-en-cambrils\/","og_locale":"ca_ES","og_type":"article","og_title":"Pisos en Cambrils inmobiliaria Fincas ABA - fincasaba.com","og_description":"Pisos en Cambrils venta, compra alquiler - contacta con nosotros si buscas piso, quieres alquilar tu piso, pisos nuevos, pisos de ocasi\u00f3n","og_url":"https:\/\/fincasaba.com\/ca\/pisos-en-cambrils\/","og_site_name":"fincasaba.com","article_publisher":"https:\/\/www.facebook.com\/profile.php?id=100057446426721","article_modified_time":"2023-07-06T11:42:54+00:00","og_image":[{"width":1200,"height":800,"url":"https:\/\/fincasaba.com\/wp-content\/uploads\/2022\/11\/pisos-en-cambrils-1200x800.jpg","type":"image\/jpeg"}],"twitter_card":"summary_large_image","twitter_misc":{"Temps estimat de lectura":"4 minuts"},"schema":{"@context":"https:\/\/schema.org","@graph":[{"@type":"WebPage","@id":"https:\/\/fincasaba.com\/pisos-en-cambrils\/","url":"https:\/\/fincasaba.com\/pisos-en-cambrils\/","name":"Pisos en Cambrils inmobiliaria Fincas ABA - fincasaba.com","isPartOf":{"@id":"https:\/\/fincasaba.com\/#website"},"primaryImageOfPage":{"@id":"https:\/\/fincasaba.com\/pisos-en-cambrils\/#primaryimage"},"image":{"@id":"https:\/\/fincasaba.com\/pisos-en-cambrils\/#primaryimage"},"thumbnailUrl":"https:\/\/fincasaba.com\/wp-content\/uploads\/2022\/11\/pisos-en-cambrils-1200x800.jpg","datePublished":"2022-10-11T08:35:19+00:00","dateModified":"2023-07-06T11:42:54+00:00","description":"Pisos en Cambrils venta, compra alquiler - contacta con nosotros si buscas piso, quieres alquilar tu piso, pisos nuevos, pisos de ocasi\u00f3n","breadcrumb":{"@id":"https:\/\/fincasaba.com\/pisos-en-cambrils\/#breadcrumb"},"inLanguage":"ca","potentialAction":[{"@type":"ReadAction","target":["https:\/\/fincasaba.com\/pisos-en-cambrils\/"]}]},{"@type":"ImageObject","inLanguage":"ca","@id":"https:\/\/fincasaba.com\/pisos-en-cambrils\/#primaryimage","url":"https:\/\/fincasaba.com\/wp-content\/uploads\/2022\/11\/pisos-en-cambrils-1200x800.jpg","contentUrl":"https:\/\/fincasaba.com\/wp-content\/uploads\/2022\/11\/pisos-en-cambrils-1200x800.jpg","width":1200,"height":800,"caption":"pisos en cambrils fincas ABA"},{"@type":"BreadcrumbList","@id":"https:\/\/fincasaba.com\/pisos-en-cambrils\/#breadcrumb","itemListElement":[{"@type":"ListItem","position":1,"name":"Portada","item":"https:\/\/fincasaba.com\/"},{"@type":"ListItem","position":2,"name":"Pisos en Cambrils inmobiliaria Fincas ABA"}]},{"@type":"WebSite","@id":"https:\/\/fincasaba.com\/#website","url":"https:\/\/fincasaba.com\/","name":"Inmobilliaria en Tarragona Fincas ABA - administradores de comunidades","description":"Inmobiliaria especializada en administraci\u00f3n de comunidades y fincas en Tarragona","publisher":{"@id":"https:\/\/fincasaba.com\/#organization"},"alternateName":"Fincas ABA","potentialAction":[{"@type":"SearchAction","target":{"@type":"EntryPoint","urlTemplate":"https:\/\/fincasaba.com\/?s={search_term_string}"},"query-input":{"@type":"PropertyValueSpecification","valueRequired":true,"valueName":"search_term_string"}}],"inLanguage":"ca"},{"@type":"Organization","@id":"https:\/\/fincasaba.com\/#organization","name":"Inmobiliaria Fincas ABA - expertos en administraci\u00f3n de comunidades","alternateName":"Fincas ABA","url":"https:\/\/fincasaba.com\/","logo":{"@type":"ImageObject","inLanguage":"ca","@id":"https:\/\/fincasaba.com\/#\/schema\/logo\/image\/","url":"https:\/\/fincasaba.com\/wp-content\/uploads\/2022\/09\/logo-fincasaba-1-235x214.jpg","contentUrl":"https:\/\/fincasaba.com\/wp-content\/uploads\/2022\/09\/logo-fincasaba-1-235x214.jpg","width":235,"height":214,"caption":"Inmobiliaria Fincas ABA - expertos en administraci\u00f3n de comunidades"},"image":{"@id":"https:\/\/fincasaba.com\/#\/schema\/logo\/image\/"},"sameAs":["https:\/\/www.facebook.com\/profile.php?id=100057446426721"]}]}},"_links":{"self":[{"href":"https:\/\/fincasaba.com\/ca\/wp-json\/wp\/v2\/pages\/9008","targetHints":{"allow":["GET"]}}],"collection":[{"href":"https:\/\/fincasaba.com\/ca\/wp-json\/wp\/v2\/pages"}],"about":[{"href":"https:\/\/fincasaba.com\/ca\/wp-json\/wp\/v2\/types\/page"}],"author":[{"embeddable":true,"href":"https:\/\/fincasaba.com\/ca\/wp-json\/wp\/v2\/users\/2"}],"replies":[{"embeddable":true,"href":"https:\/\/fincasaba.com\/ca\/wp-json\/wp\/v2\/comments?post=9008"}],"version-history":[{"count":16,"href":"https:\/\/fincasaba.com\/ca\/wp-json\/wp\/v2\/pages\/9008\/revisions"}],"predecessor-version":[{"id":9728,"href":"https:\/\/fincasaba.com\/ca\/wp-json\/wp\/v2\/pages\/9008\/revisions\/9728"}],"wp:featuredmedia":[{"embeddable":true,"href":"https:\/\/fincasaba.com\/ca\/wp-json\/wp\/v2\/media\/9321"}],"wp:attachment":[{"href":"https:\/\/fincasaba.com\/ca\/wp-json\/wp\/v2\/media?parent=9008"}],"curies":[{"name":"wp","href":"https:\/\/api.w.org\/{rel}","templated":true}]}}